{"id":2214,"date":"2026-02-12T16:44:55","date_gmt":"2026-02-12T15:44:55","guid":{"rendered":"https:\/\/www.goded.com\/soudage-mecanique\/"},"modified":"2026-04-29T16:41:11","modified_gmt":"2026-04-29T14:41:11","slug":"soudage-mecanique","status":"publish","type":"page","link":"https:\/\/www.goded.com\/fr\/soudage-mecanique\/","title":{"rendered":"Soudage m\u00e9canique"},"content":{"rendered":"<p>[et_pb_section fb_built=\u00a0\u00bb1&Prime; _builder_version=\u00a0\u00bb4.27.4&Prime; _module_preset=\u00a0\u00bbdefault\u00a0\u00bb global_colors_info=\u00a0\u00bb{}\u00a0\u00bb][et_pb_row column_structure=\u00a0\u00bb1_2,1_2&Prime; _builder_version=\u00a0\u00bb4.27.4&Prime; _module_preset=\u00a0\u00bbdefault\u00a0\u00bb global_colors_info=\u00a0\u00bb{}\u00a0\u00bb][et_pb_column type=\u00a0\u00bb1_2&Prime; _builder_version=\u00a0\u00bb4.27.4&Prime; _module_preset=\u00a0\u00bbdefault\u00a0\u00bb global_colors_info=\u00a0\u00bb{}\u00a0\u00bb][et_pb_heading title=\u00a0\u00bbSolutions m\u00e9talliques sur mesure\u00a0\u00bb _builder_version=\u00a0\u00bb4.27.4&Prime; _module_preset=\u00a0\u00bbdefault\u00a0\u00bb title_level=\u00a0\u00bbh2&Prime; title_font=\u00a0\u00bb|||on|||||\u00a0\u00bb title_text_color=\u00a0\u00bb#aaaaaa\u00a0\u00bb title_font_size=\u00a0\u00bb15px\u00a0\u00bb title_letter_spacing=\u00a0\u00bb2px\u00a0\u00bb title_line_height=\u00a0\u00bb1.3em\u00a0\u00bb custom_margin=\u00a0\u00bb||5px||false|false\u00a0\u00bb custom_padding=\u00a0\u00bb5px||0px|10px|false|false\u00a0\u00bb title_font_size_tablet=\u00a0\u00bb15px\u00a0\u00bb title_font_size_phone=\u00a0\u00bb14px\u00a0\u00bb title_font_size_last_edited=\u00a0\u00bbon|phone\u00a0\u00bb border_width_left=\u00a0\u00bb2px\u00a0\u00bb border_color_left=\u00a0\u00bbgcid-primary-color\u00a0\u00bb global_colors_info=\u00a0\u00bb{%22gcid-primary-color%22:%91%22border_color_left%22%93}\u00a0\u00bb][\/et_pb_heading][et_pb_heading title=\u00a0\u00bbSoudage m\u00e9canique industrielle\u00a0\u00bb _builder_version=\u00a0\u00bb4.27.4&Prime; _module_preset=\u00a0\u00bbdefault\u00a0\u00bb title_font_size=\u00a0\u00bb33px\u00a0\u00bb title_line_height=\u00a0\u00bb1.2em\u00a0\u00bb custom_margin=\u00a0\u00bb||25px|||\u00a0\u00bb title_font_size_tablet=\u00a0\u00bb30px\u00a0\u00bb title_font_size_phone=\u00a0\u00bb27px\u00a0\u00bb title_font_size_last_edited=\u00a0\u00bbon|desktop\u00a0\u00bb global_colors_info=\u00a0\u00bb{}\u00a0\u00bb][\/et_pb_heading][et_pb_text _builder_version=\u00a0\u00bb4.27.4&Prime; _module_preset=\u00a0\u00bbdefault\u00a0\u00bb global_colors_info=\u00a0\u00bb{}\u00a0\u00bb]<\/p>\n<p>Chez Grupo Goded, nous d\u00e9veloppons des projets de soudage m\u00e9canique industriel avec une approche globale qui couvre tout, de l&rsquo;ing\u00e9nierie et la conception \u00e0 la fabrication, l&rsquo;assemblage et les finitions finales.<\/p>\n<p>Notre succ\u00e8s repose sur l&rsquo;excellence technique, l&rsquo;innovation constante et une orientation client totale, ce qui nous permet de nous positionner comme un partenaire strat\u00e9gique pour les entreprises \u00e0 la recherche d&rsquo;un fournisseur comp\u00e9tent, comp\u00e9titif et techniquement solide dans le domaine de la construction m\u00e9tallique.<\/p>\n<p>Nous offrons un service complet en fabrication m\u00e9tallique et en soudage m\u00e9canique, qui comprend :<\/p>\n<ul>\n<li>Fabrication de pi\u00e8ces individuelles<\/li>\n<li>Sous-ensembles structurels<\/li>\n<li>Structures m\u00e9talliques compl\u00e8tes<\/li>\n<li>Assemblage de composants usin\u00e9s<\/li>\n<\/ul>\n<p>Nous travaillons avec des technologies et des machines de pr\u00e9cision, en appliquant des proc\u00e9d\u00e9s innovants, garantissant la qualit\u00e9 \u00e0 chaque \u00e9tape et proposant des traitements et des finitions adapt\u00e9s aux besoins de chaque projet.<\/p>\n<p>[\/et_pb_text][\/et_pb_column][et_pb_column type=\u00a0\u00bb1_2&Prime; _builder_version=\u00a0\u00bb4.27.4&Prime; _module_preset=\u00a0\u00bbdefault\u00a0\u00bb global_colors_info=\u00a0\u00bb{}\u00a0\u00bb][et_pb_gallery gallery_ids=\u00a0\u00bb2209,2210,2211,2212,2213,2259,2258,2257,2256,2255&Prime; fullwidth=\u00a0\u00bbon\u00a0\u00bb _builder_version=\u00a0\u00bb4.27.4&Prime; _module_preset=\u00a0\u00bbdefault\u00a0\u00bb background_layout=\u00a0\u00bbdark\u00a0\u00bb auto=\u00a0\u00bbon\u00a0\u00bb hover_enabled=\u00a0\u00bb0&Prime; border_radii=\u00a0\u00bbon|10px|10px|10px|10px\u00a0\u00bb global_colors_info=\u00a0\u00bb{}\u00a0\u00bb sticky_enabled=\u00a0\u00bb0&Prime; locked=\u00a0\u00bboff\u00a0\u00bb][\/et_pb_gallery][et_pb_button button_url=\u00a0\u00bbmailto:mecanizado-oxigoded@goded.es\u00a0\u00bb button_text=\u00a0\u00bbDemander un devis\u00a0\u00bb button_alignment=\u00a0\u00bbleft\u00a0\u00bb button_alignment_tablet=\u00a0\u00bbleft\u00a0\u00bb button_alignment_phone=\u00a0\u00bbleft\u00a0\u00bb button_alignment_last_edited=\u00a0\u00bbon|tablet\u00a0\u00bb disabled_on=\u00a0\u00bboff|off|off\u00a0\u00bb _builder_version=\u00a0\u00bb4.27.4&Prime; _module_preset=\u00a0\u00bbdefault\u00a0\u00bb custom_button=\u00a0\u00bbon\u00a0\u00bb button_font=\u00a0\u00bb|600|||||||\u00a0\u00bb button_on_hover=\u00a0\u00bboff\u00a0\u00bb transform_translate_linked=\u00a0\u00bboff\u00a0\u00bb global_colors_info=\u00a0\u00bb{}\u00a0\u00bb transform_styles__hover_enabled=\u00a0\u00bbon|desktop\u00a0\u00bb transform_scale__hover_enabled=\u00a0\u00bbon|desktop\u00a0\u00bb transform_translate__hover_enabled=\u00a0\u00bbon|desktop\u00a0\u00bb transform_rotate__hover_enabled=\u00a0\u00bbon|desktop\u00a0\u00bb transform_skew__hover_enabled=\u00a0\u00bbon|desktop\u00a0\u00bb transform_origin__hover_enabled=\u00a0\u00bbon|desktop\u00a0\u00bb transform_translate__hover=\u00a0\u00bb5px|0px\u00a0\u00bb box_shadow_color__hover_enabled=\u00a0\u00bbon|hover\u00a0\u00bb box_shadow_color__hover=\u00a0\u00bbrgba(0,0,0,0.3)\u00a0\u00bb box_shadow_horizontal__hover_enabled=\u00a0\u00bbon|hover\u00a0\u00bb box_shadow_horizontal__hover=\u00a0\u00bb-10px\u00a0\u00bb box_shadow_vertical__hover_enabled=\u00a0\u00bbon|desktop\u00a0\u00bb box_shadow_vertical__hover=\u00a0\u00bb5px\u00a0\u00bb][\/et_pb_button][\/et_pb_column][\/et_pb_row][\/et_pb_section][et_pb_section fb_built=\u00a0\u00bb1&Prime; disabled_on=\u00a0\u00bbon|on|on\u00a0\u00bb _builder_version=\u00a0\u00bb4.27.4&Prime; _module_preset=\u00a0\u00bbdefault\u00a0\u00bb background_color=\u00a0\u00bb#f7f7f7&Prime; disabled=\u00a0\u00bbon\u00a0\u00bb global_colors_info=\u00a0\u00bb{}\u00a0\u00bb][et_pb_row column_structure=\u00a0\u00bb1_2,1_2&Prime; module_class=\u00a0\u00bbov-fancy-hover\u00a0\u00bb _builder_version=\u00a0\u00bb4.27.4&Prime; _module_preset=\u00a0\u00bbdefault\u00a0\u00bb global_colors_info=\u00a0\u00bb{}\u00a0\u00bb][et_pb_column type=\u00a0\u00bb1_2&Prime; _builder_version=\u00a0\u00bb4.27.4&Prime; _module_preset=\u00a0\u00bbdefault\u00a0\u00bb global_colors_info=\u00a0\u00bb{}\u00a0\u00bb][et_pb_heading title=\u00a0\u00bbProcessus cl\u00e9 pour des structures efficaces et sur mesure\u00a0\u00bb _builder_version=\u00a0\u00bb4.27.4&Prime; _module_preset=\u00a0\u00bbdefault\u00a0\u00bb title_level=\u00a0\u00bbh2&Prime; title_font=\u00a0\u00bb|||on|||||\u00a0\u00bb title_text_color=\u00a0\u00bb#aaaaaa\u00a0\u00bb title_font_size=\u00a0\u00bb15px\u00a0\u00bb title_letter_spacing=\u00a0\u00bb2px\u00a0\u00bb title_line_height=\u00a0\u00bb1.3em\u00a0\u00bb custom_margin=\u00a0\u00bb||5px||false|false\u00a0\u00bb custom_padding=\u00a0\u00bb5px||0px|10px|false|false\u00a0\u00bb title_font_size_tablet=\u00a0\u00bb15px\u00a0\u00bb title_font_size_phone=\u00a0\u00bb14px\u00a0\u00bb title_font_size_last_edited=\u00a0\u00bbon|phone\u00a0\u00bb border_width_left=\u00a0\u00bb2px\u00a0\u00bb border_color_left=\u00a0\u00bbgcid-primary-color\u00a0\u00bb global_colors_info=\u00a0\u00bb{%22gcid-primary-color%22:%91%22border_color_left%22%93}\u00a0\u00bb][\/et_pb_heading][et_pb_heading title=\u00a0\u00bbQu\u2019est-ce que le soudage m\u00e9canique industriel et quels sont ses avantages ?\u00a0\u00bb _builder_version=\u00a0\u00bb4.27.4&Prime; _module_preset=\u00a0\u00bbdefault\u00a0\u00bb title_level=\u00a0\u00bbh2&Prime; title_font_size=\u00a0\u00bb29px\u00a0\u00bb title_line_height=\u00a0\u00bb1.2em\u00a0\u00bb custom_margin=\u00a0\u00bb||25px|||\u00a0\u00bb title_font_size_tablet=\u00a0\u00bb27px\u00a0\u00bb title_font_size_phone=\u00a0\u00bb25px\u00a0\u00bb title_font_size_last_edited=\u00a0\u00bbon|phone\u00a0\u00bb global_colors_info=\u00a0\u00bb{}\u00a0\u00bb][\/et_pb_heading][et_pb_text _builder_version=\u00a0\u00bb4.27.4&Prime; _module_preset=\u00a0\u00bbdefault\u00a0\u00bb global_colors_info=\u00a0\u00bb{}\u00a0\u00bb]<\/p>\n<p>Le soudage m\u00e9canique industriel est un proc\u00e9d\u00e9 de fabrication qui consiste \u00e0 assembler par soudage diff\u00e9rentes pi\u00e8ces m\u00e9talliques, pr\u00e9alablement coup\u00e9es, pli\u00e9es ou usin\u00e9es, dans le but de cr\u00e9er des sous-ensembles ou des structures compl\u00e8tes de haute r\u00e9sistance et de haute pr\u00e9cision.<\/p>\n<p>Ce syst\u00e8me permet la fabrication de structures complexes sans avoir recours \u00e0 de grandes pi\u00e8ces massives, optimisant ainsi les mat\u00e9riaux, le poids et les co\u00fbts.<\/p>\n<p>Gr\u00e2ce \u00e0 l&rsquo;int\u00e9gration des processus dans nos installations, nous garantissons la pr\u00e9cision dimensionnelle, le contr\u00f4le qualit\u00e9 et le respect des d\u00e9lais pour chaque projet.<\/p>\n<p>[\/et_pb_text][\/et_pb_column][et_pb_column type=\u00a0\u00bb1_2&Prime; _builder_version=\u00a0\u00bb4.27.4&Prime; _module_preset=\u00a0\u00bbdefault\u00a0\u00bb global_colors_info=\u00a0\u00bb{}\u00a0\u00bb][et_pb_blurb title=\u00a0\u00bbHaute r\u00e9sistance structurelle\u00a0\u00bb use_icon=\u00a0\u00bbon\u00a0\u00bb font_icon=\u00a0\u00bb&#xe052;||divi||400&Prime; icon_placement=\u00a0\u00bbleft\u00a0\u00bb image_icon_width=\u00a0\u00bb25px\u00a0\u00bb content_max_width=\u00a0\u00bb1100px\u00a0\u00bb _builder_version=\u00a0\u00bb4.27.4&Prime; _module_preset=\u00a0\u00bbdefault\u00a0\u00bb custom_margin=\u00a0\u00bb||20px||false|false\u00a0\u00bb locked=\u00a0\u00bboff\u00a0\u00bb global_colors_info=\u00a0\u00bb{}\u00a0\u00bb]<\/p>\n<p>Id\u00e9al pour les machines et structures industrielles.<\/p>\n<p>[\/et_pb_blurb][et_pb_blurb title=\u00a0\u00bbOptimisation des mat\u00e9riaux\u00a0\u00bb use_icon=\u00a0\u00bbon\u00a0\u00bb font_icon=\u00a0\u00bb&#xe052;||divi||400&Prime; icon_placement=\u00a0\u00bbleft\u00a0\u00bb image_icon_width=\u00a0\u00bb25px\u00a0\u00bb content_max_width=\u00a0\u00bb1100px\u00a0\u00bb _builder_version=\u00a0\u00bb4.27.4&Prime; _module_preset=\u00a0\u00bbdefault\u00a0\u00bb custom_margin=\u00a0\u00bb||20px||false|false\u00a0\u00bb locked=\u00a0\u00bboff\u00a0\u00bb global_colors_info=\u00a0\u00bb{}\u00a0\u00bb]<\/p>\n<p>R\u00e9duire le poids et les co\u00fbts de fabrication.<\/p>\n<p>[\/et_pb_blurb][et_pb_blurb title=\u00a0\u00bbFlexibilit\u00e9 de conception\u00a0\u00bb use_icon=\u00a0\u00bbon\u00a0\u00bb font_icon=\u00a0\u00bb&#xe052;||divi||400&Prime; icon_placement=\u00a0\u00bbleft\u00a0\u00bb image_icon_width=\u00a0\u00bb25px\u00a0\u00bb content_max_width=\u00a0\u00bb1100px\u00a0\u00bb _builder_version=\u00a0\u00bb4.27.4&Prime; _module_preset=\u00a0\u00bbdefault\u00a0\u00bb custom_margin=\u00a0\u00bb||20px||false|false\u00a0\u00bb locked=\u00a0\u00bboff\u00a0\u00bb global_colors_info=\u00a0\u00bb{}\u00a0\u00bb]<\/p>\n<p>Permettant la fabrication d&rsquo;ensembles sur mesure.<\/p>\n<p>[\/et_pb_blurb][et_pb_blurb title=\u00a0\u00bbInt\u00e9gration des processus\u00a0\u00bb use_icon=\u00a0\u00bbon\u00a0\u00bb font_icon=\u00a0\u00bb&#xe052;||divi||400&Prime; icon_placement=\u00a0\u00bbleft\u00a0\u00bb image_icon_width=\u00a0\u00bb25px\u00a0\u00bb content_max_width=\u00a0\u00bb1100px\u00a0\u00bb _builder_version=\u00a0\u00bb4.27.4&Prime; _module_preset=\u00a0\u00bbdefault\u00a0\u00bb custom_margin=\u00a0\u00bb||20px||false|false\u00a0\u00bb locked=\u00a0\u00bboff\u00a0\u00bb global_colors_info=\u00a0\u00bb{}\u00a0\u00bb]<\/p>\n<p>Combinaison de d\u00e9coupe, d&rsquo;usinage, de pliage et de soudage.<\/p>\n<p>[\/et_pb_blurb][et_pb_blurb title=\u00a0\u00bb\u00c9volutivit\u00e9\u00a0\u00bb use_icon=\u00a0\u00bbon\u00a0\u00bb font_icon=\u00a0\u00bb&#xe052;||divi||400&Prime; icon_placement=\u00a0\u00bbleft\u00a0\u00bb image_icon_width=\u00a0\u00bb25px\u00a0\u00bb content_max_width=\u00a0\u00bb1100px\u00a0\u00bb _builder_version=\u00a0\u00bb4.27.4&Prime; _module_preset=\u00a0\u00bbdefault\u00a0\u00bb custom_margin=\u00a0\u00bb||20px||false|false\u00a0\u00bb locked=\u00a0\u00bboff\u00a0\u00bb global_colors_info=\u00a0\u00bb{}\u00a0\u00bb]<\/p>\n<p>Convient aussi bien aux s\u00e9ries courtes qu&rsquo;aux productions r\u00e9p\u00e9titives.<\/p>\n<p>[\/et_pb_blurb][\/et_pb_column][\/et_pb_row][\/et_pb_section][et_pb_section fb_built=\u00a0\u00bb1&Prime; _builder_version=\u00a0\u00bb4.27.4&Prime; _module_preset=\u00a0\u00bbdefault\u00a0\u00bb background_color=\u00a0\u00bb#e5e5e5&Prime; global_colors_info=\u00a0\u00bb{}\u00a0\u00bb][et_pb_row column_structure=\u00a0\u00bb3_4,1_4&Prime; make_equal=\u00a0\u00bbon\u00a0\u00bb _builder_version=\u00a0\u00bb4.27.4&Prime; _module_preset=\u00a0\u00bbdefault\u00a0\u00bb custom_css_main_element=\u00a0\u00bbalign-items:center;\u00a0\u00bb global_colors_info=\u00a0\u00bb{}\u00a0\u00bb][et_pb_column type=\u00a0\u00bb3_4&Prime; _builder_version=\u00a0\u00bb4.27.4&Prime; _module_preset=\u00a0\u00bbdefault\u00a0\u00bb global_colors_info=\u00a0\u00bb{}\u00a0\u00bb][et_pb_heading title=\u00a0\u00bbD\u00e9veloppez votre projet de soudure en toute confiance\u00a0\u00bb _builder_version=\u00a0\u00bb4.27.4&Prime; _module_preset=\u00a0\u00bbdefault\u00a0\u00bb title_level=\u00a0\u00bbh2&Prime; title_font_size=\u00a0\u00bb29px\u00a0\u00bb title_line_height=\u00a0\u00bb1.2em\u00a0\u00bb custom_margin=\u00a0\u00bb||8px|||\u00a0\u00bb title_font_size_tablet=\u00a0\u00bb27px\u00a0\u00bb title_font_size_phone=\u00a0\u00bb24px\u00a0\u00bb title_font_size_last_edited=\u00a0\u00bbon|tablet\u00a0\u00bb global_colors_info=\u00a0\u00bb{}\u00a0\u00bb][\/et_pb_heading][et_pb_text _builder_version=\u00a0\u00bb4.27.4&Prime; _module_preset=\u00a0\u00bbdefault\u00a0\u00bb text_font=\u00a0\u00bb|600|||||||\u00a0\u00bb text_font_size=\u00a0\u00bb17px\u00a0\u00bb global_colors_info=\u00a0\u00bb{}\u00a0\u00bb]<\/p>\n<p>Pour tout projet de soudage industriel ou pour b\u00e9n\u00e9ficier de nos autres <a href=\"https:\/\/www.goded.com\/fr\/services-grupo-goded\/\">services<\/a>, n&rsquo;h\u00e9sitez pas \u00e0 nous contacter. Chez Grupo Goded, nous conjuguons technologie, exp\u00e9rience et engagement pour vous garantir une qualit\u00e9 et une pr\u00e9cision optimales pour chaque intervention. <\/p>\n<p>[\/et_pb_text][\/et_pb_column][et_pb_column type=\u00a0\u00bb1_4&Prime; _builder_version=\u00a0\u00bb4.27.4&Prime; _module_preset=\u00a0\u00bbdefault\u00a0\u00bb global_colors_info=\u00a0\u00bb{}\u00a0\u00bb][et_pb_button button_url=\u00a0\u00bbhttps:\/\/www.goded.com\/fr\/contact\/\u00a0\u00bb button_text=\u00a0\u00bbContact\u00a0\u00bb button_alignment=\u00a0\u00bbright\u00a0\u00bb button_alignment_tablet=\u00a0\u00bbleft\u00a0\u00bb button_alignment_phone=\u00a0\u00bbleft\u00a0\u00bb button_alignment_last_edited=\u00a0\u00bbon|phone\u00a0\u00bb _builder_version=\u00a0\u00bb4.27.4&Prime; _module_preset=\u00a0\u00bbdefault\u00a0\u00bb custom_button=\u00a0\u00bbon\u00a0\u00bb button_font=\u00a0\u00bb|600|||||||\u00a0\u00bb button_on_hover=\u00a0\u00bboff\u00a0\u00bb transform_translate_linked=\u00a0\u00bboff\u00a0\u00bb global_colors_info=\u00a0\u00bb{}\u00a0\u00bb transform_styles__hover_enabled=\u00a0\u00bbon|desktop\u00a0\u00bb transform_scale__hover_enabled=\u00a0\u00bbon|desktop\u00a0\u00bb transform_translate__hover_enabled=\u00a0\u00bbon|desktop\u00a0\u00bb transform_rotate__hover_enabled=\u00a0\u00bbon|desktop\u00a0\u00bb transform_skew__hover_enabled=\u00a0\u00bbon|desktop\u00a0\u00bb transform_origin__hover_enabled=\u00a0\u00bbon|desktop\u00a0\u00bb transform_translate__hover=\u00a0\u00bb5px|0px\u00a0\u00bb box_shadow_color__hover_enabled=\u00a0\u00bbon|hover\u00a0\u00bb box_shadow_color__hover=\u00a0\u00bbrgba(0,0,0,0.3)\u00a0\u00bb box_shadow_horizontal__hover_enabled=\u00a0\u00bbon|hover\u00a0\u00bb box_shadow_horizontal__hover=\u00a0\u00bb-10px\u00a0\u00bb box_shadow_vertical__hover_enabled=\u00a0\u00bbon|desktop\u00a0\u00bb box_shadow_vertical__hover=\u00a0\u00bb5px\u00a0\u00bb][\/et_pb_button][\/et_pb_column][\/et_pb_row][\/et_pb_section]<\/p>\n","protected":false},"excerpt":{"rendered":"<p>Chez Grupo Goded, nous d\u00e9veloppons des projets de soudage m\u00e9canique industriel avec une approche globale qui couvre tout, de l&rsquo;ing\u00e9nierie et la conception \u00e0 la fabrication, l&rsquo;assemblage et les finitions finales. Notre succ\u00e8s repose sur l&rsquo;excellence technique, l&rsquo;innovation constante et une orientation client totale, ce qui nous permet de nous positionner comme un partenaire strat\u00e9gique [&hellip;]<\/p>\n","protected":false},"author":1,"featured_media":2209,"parent":0,"menu_order":0,"comment_status":"closed","ping_status":"closed","template":"","meta":{"_et_pb_use_builder":"on","_et_pb_old_content":"","_et_gb_content_width":"","footnotes":""},"class_list":["post-2214","page","type-page","status-publish","has-post-thumbnail","hentry"],"yoast_head":"<!-- This site is optimized with the Yoast SEO Premium plugin v22.4 (Yoast SEO v26.3) - https:\/\/yoast.com\/wordpress\/plugins\/seo\/ -->\n<title>Soudage m\u00e9canique industrielle \u00e0 Barcelone | Solutions m\u00e9talliques<\/title>\n<meta name=\"description\" content=\"Services de soudage m\u00e9canique industrielle \u00e0 Barcelone, Catalogne et le reste de l&#039;Espagne. Solutions m\u00e9talliques sur mesure chez Grupo Goded.\" \/>\n<meta name=\"robots\" content=\"index, follow, max-snippet:-1, max-image-preview:large, max-video-preview:-1\" \/>\n<link rel=\"canonical\" href=\"https:\/\/www.goded.com\/fr\/soudage-mecanique\/\" \/>\n<meta property=\"og:locale\" content=\"fr_FR\" \/>\n<meta property=\"og:type\" content=\"article\" \/>\n<meta property=\"og:title\" content=\"Soudage m\u00e9canique\" \/>\n<meta property=\"og:description\" content=\"Services de soudage m\u00e9canique industrielle \u00e0 Barcelone, Catalogne et le reste de l&#039;Espagne. Solutions m\u00e9talliques sur mesure chez Grupo Goded.\" \/>\n<meta property=\"og:url\" content=\"https:\/\/www.goded.com\/fr\/soudage-mecanique\/\" \/>\n<meta property=\"og:site_name\" content=\"Grupo Goded\" \/>\n<meta property=\"article:modified_time\" content=\"2026-04-29T14:41:11+00:00\" \/>\n<meta property=\"og:image\" content=\"https:\/\/www.goded.com\/wp-content\/uploads\/2026\/02\/Servicios-Mecano-Soldadura-Grupo-Goded-1.webp\" \/>\n\t<meta property=\"og:image:width\" content=\"1000\" \/>\n\t<meta property=\"og:image:height\" content=\"664\" \/>\n\t<meta property=\"og:image:type\" content=\"image\/webp\" \/>\n<meta name=\"twitter:card\" content=\"summary_large_image\" \/>\n<meta name=\"twitter:label1\" content=\"Dur\u00e9e de lecture estim\u00e9e\" \/>\n\t<meta name=\"twitter:data1\" content=\"7 minutes\" \/>\n<script type=\"application\/ld+json\" class=\"yoast-schema-graph\">{\"@context\":\"https:\/\/schema.org\",\"@graph\":[{\"@type\":\"WebPage\",\"@id\":\"https:\/\/www.goded.com\/fr\/soudage-mecanique\/\",\"url\":\"https:\/\/www.goded.com\/fr\/soudage-mecanique\/\",\"name\":\"Soudage m\u00e9canique industrielle \u00e0 Barcelone | Solutions m\u00e9talliques\",\"isPartOf\":{\"@id\":\"https:\/\/www.goded.com\/fr\/#website\"},\"primaryImageOfPage\":{\"@id\":\"https:\/\/www.goded.com\/fr\/soudage-mecanique\/#primaryimage\"},\"image\":{\"@id\":\"https:\/\/www.goded.com\/fr\/soudage-mecanique\/#primaryimage\"},\"thumbnailUrl\":\"https:\/\/www.goded.com\/wp-content\/uploads\/2026\/02\/Servicios-Mecano-Soldadura-Grupo-Goded-1.webp\",\"datePublished\":\"2026-02-12T15:44:55+00:00\",\"dateModified\":\"2026-04-29T14:41:11+00:00\",\"description\":\"Services de soudage m\u00e9canique industrielle \u00e0 Barcelone, Catalogne et le reste de l'Espagne. Solutions m\u00e9talliques sur mesure chez Grupo Goded.\",\"breadcrumb\":{\"@id\":\"https:\/\/www.goded.com\/fr\/soudage-mecanique\/#breadcrumb\"},\"inLanguage\":\"fr-FR\",\"potentialAction\":[{\"@type\":\"ReadAction\",\"target\":[\"https:\/\/www.goded.com\/fr\/soudage-mecanique\/\"]}]},{\"@type\":\"ImageObject\",\"inLanguage\":\"fr-FR\",\"@id\":\"https:\/\/www.goded.com\/fr\/soudage-mecanique\/#primaryimage\",\"url\":\"https:\/\/www.goded.com\/wp-content\/uploads\/2026\/02\/Servicios-Mecano-Soldadura-Grupo-Goded-1.webp\",\"contentUrl\":\"https:\/\/www.goded.com\/wp-content\/uploads\/2026\/02\/Servicios-Mecano-Soldadura-Grupo-Goded-1.webp\",\"width\":1000,\"height\":664,\"caption\":\"Services de soudage m\u00e9canique industrielle \u00e0 Barcelone et dans toute l'Espagne | Grupo Goded\"},{\"@type\":\"BreadcrumbList\",\"@id\":\"https:\/\/www.goded.com\/fr\/soudage-mecanique\/#breadcrumb\",\"itemListElement\":[{\"@type\":\"ListItem\",\"position\":1,\"name\":\"Portada\",\"item\":\"https:\/\/www.goded.com\/fr\/grupo-goded-2\/\"},{\"@type\":\"ListItem\",\"position\":2,\"name\":\"Soudage m\u00e9canique\"}]},{\"@type\":\"WebSite\",\"@id\":\"https:\/\/www.goded.com\/fr\/#website\",\"url\":\"https:\/\/www.goded.com\/fr\/\",\"name\":\"Grupo Goded\",\"description\":\"Empresa Metal\u00fargica en Barcelona\",\"potentialAction\":[{\"@type\":\"SearchAction\",\"target\":{\"@type\":\"EntryPoint\",\"urlTemplate\":\"https:\/\/www.goded.com\/fr\/?s={search_term_string}\"},\"query-input\":{\"@type\":\"PropertyValueSpecification\",\"valueRequired\":true,\"valueName\":\"search_term_string\"}}],\"inLanguage\":\"fr-FR\"}]}<\/script>\n<!-- \/ Yoast SEO Premium plugin. -->","yoast_head_json":{"title":"Soudage m\u00e9canique industrielle \u00e0 Barcelone | Solutions m\u00e9talliques","description":"Services de soudage m\u00e9canique industrielle \u00e0 Barcelone, Catalogne et le reste de l'Espagne. Solutions m\u00e9talliques sur mesure chez Grupo Goded.","robots":{"index":"index","follow":"follow","max-snippet":"max-snippet:-1","max-image-preview":"max-image-preview:large","max-video-preview":"max-video-preview:-1"},"canonical":"https:\/\/www.goded.com\/fr\/soudage-mecanique\/","og_locale":"fr_FR","og_type":"article","og_title":"Soudage m\u00e9canique","og_description":"Services de soudage m\u00e9canique industrielle \u00e0 Barcelone, Catalogne et le reste de l'Espagne. Solutions m\u00e9talliques sur mesure chez Grupo Goded.","og_url":"https:\/\/www.goded.com\/fr\/soudage-mecanique\/","og_site_name":"Grupo Goded","article_modified_time":"2026-04-29T14:41:11+00:00","og_image":[{"width":1000,"height":664,"url":"https:\/\/www.goded.com\/wp-content\/uploads\/2026\/02\/Servicios-Mecano-Soldadura-Grupo-Goded-1.webp","type":"image\/webp"}],"twitter_card":"summary_large_image","twitter_misc":{"Dur\u00e9e de lecture estim\u00e9e":"7 minutes"},"schema":{"@context":"https:\/\/schema.org","@graph":[{"@type":"WebPage","@id":"https:\/\/www.goded.com\/fr\/soudage-mecanique\/","url":"https:\/\/www.goded.com\/fr\/soudage-mecanique\/","name":"Soudage m\u00e9canique industrielle \u00e0 Barcelone | Solutions m\u00e9talliques","isPartOf":{"@id":"https:\/\/www.goded.com\/fr\/#website"},"primaryImageOfPage":{"@id":"https:\/\/www.goded.com\/fr\/soudage-mecanique\/#primaryimage"},"image":{"@id":"https:\/\/www.goded.com\/fr\/soudage-mecanique\/#primaryimage"},"thumbnailUrl":"https:\/\/www.goded.com\/wp-content\/uploads\/2026\/02\/Servicios-Mecano-Soldadura-Grupo-Goded-1.webp","datePublished":"2026-02-12T15:44:55+00:00","dateModified":"2026-04-29T14:41:11+00:00","description":"Services de soudage m\u00e9canique industrielle \u00e0 Barcelone, Catalogne et le reste de l'Espagne. Solutions m\u00e9talliques sur mesure chez Grupo Goded.","breadcrumb":{"@id":"https:\/\/www.goded.com\/fr\/soudage-mecanique\/#breadcrumb"},"inLanguage":"fr-FR","potentialAction":[{"@type":"ReadAction","target":["https:\/\/www.goded.com\/fr\/soudage-mecanique\/"]}]},{"@type":"ImageObject","inLanguage":"fr-FR","@id":"https:\/\/www.goded.com\/fr\/soudage-mecanique\/#primaryimage","url":"https:\/\/www.goded.com\/wp-content\/uploads\/2026\/02\/Servicios-Mecano-Soldadura-Grupo-Goded-1.webp","contentUrl":"https:\/\/www.goded.com\/wp-content\/uploads\/2026\/02\/Servicios-Mecano-Soldadura-Grupo-Goded-1.webp","width":1000,"height":664,"caption":"Services de soudage m\u00e9canique industrielle \u00e0 Barcelone et dans toute l'Espagne | Grupo Goded"},{"@type":"BreadcrumbList","@id":"https:\/\/www.goded.com\/fr\/soudage-mecanique\/#breadcrumb","itemListElement":[{"@type":"ListItem","position":1,"name":"Portada","item":"https:\/\/www.goded.com\/fr\/grupo-goded-2\/"},{"@type":"ListItem","position":2,"name":"Soudage m\u00e9canique"}]},{"@type":"WebSite","@id":"https:\/\/www.goded.com\/fr\/#website","url":"https:\/\/www.goded.com\/fr\/","name":"Grupo Goded","description":"Empresa Metal\u00fargica en Barcelona","potentialAction":[{"@type":"SearchAction","target":{"@type":"EntryPoint","urlTemplate":"https:\/\/www.goded.com\/fr\/?s={search_term_string}"},"query-input":{"@type":"PropertyValueSpecification","valueRequired":true,"valueName":"search_term_string"}}],"inLanguage":"fr-FR"}]}},"_links":{"self":[{"href":"https:\/\/www.goded.com\/fr\/wp-json\/wp\/v2\/pages\/2214","targetHints":{"allow":["GET"]}}],"collection":[{"href":"https:\/\/www.goded.com\/fr\/wp-json\/wp\/v2\/pages"}],"about":[{"href":"https:\/\/www.goded.com\/fr\/wp-json\/wp\/v2\/types\/page"}],"author":[{"embeddable":true,"href":"https:\/\/www.goded.com\/fr\/wp-json\/wp\/v2\/users\/1"}],"replies":[{"embeddable":true,"href":"https:\/\/www.goded.com\/fr\/wp-json\/wp\/v2\/comments?post=2214"}],"version-history":[{"count":12,"href":"https:\/\/www.goded.com\/fr\/wp-json\/wp\/v2\/pages\/2214\/revisions"}],"predecessor-version":[{"id":2276,"href":"https:\/\/www.goded.com\/fr\/wp-json\/wp\/v2\/pages\/2214\/revisions\/2276"}],"wp:featuredmedia":[{"embeddable":true,"href":"https:\/\/www.goded.com\/fr\/wp-json\/wp\/v2\/media\/2209"}],"wp:attachment":[{"href":"https:\/\/www.goded.com\/fr\/wp-json\/wp\/v2\/media?parent=2214"}],"curies":[{"name":"wp","href":"https:\/\/api.w.org\/{rel}","templated":true}]}}