{"id":2082,"date":"2025-09-17T08:56:29","date_gmt":"2025-09-17T06:56:29","guid":{"rendered":"https:\/\/www.goded.com\/ingenierie\/"},"modified":"2025-11-14T10:58:53","modified_gmt":"2025-11-14T09:58:53","slug":"ingenierie","status":"publish","type":"page","link":"https:\/\/www.goded.com\/fr\/ingenierie\/","title":{"rendered":"Ing\u00e9nierie"},"content":{"rendered":"<p>[et_pb_section fb_built=\u00a0\u00bb1&Prime; _builder_version=\u00a0\u00bb4.27.4&Prime; _module_preset=\u00a0\u00bbdefault\u00a0\u00bb global_colors_info=\u00a0\u00bb{}\u00a0\u00bb][et_pb_row column_structure=\u00a0\u00bb1_2,1_2&Prime; _builder_version=\u00a0\u00bb4.27.4&Prime; _module_preset=\u00a0\u00bbdefault\u00a0\u00bb global_colors_info=\u00a0\u00bb{}\u00a0\u00bb][et_pb_column type=\u00a0\u00bb1_2&Prime; _builder_version=\u00a0\u00bb4.27.4&Prime; _module_preset=\u00a0\u00bbdefault\u00a0\u00bb global_colors_info=\u00a0\u00bb{}\u00a0\u00bb][et_pb_heading title=\u00a0\u00bbDivision Structure M\u00e9tallique\u00a0\u00bb _builder_version=\u00a0\u00bb4.27.4&Prime; _module_preset=\u00a0\u00bbdefault\u00a0\u00bb title_level=\u00a0\u00bbh2&Prime; title_font=\u00a0\u00bb|||on|||||\u00a0\u00bb title_text_color=\u00a0\u00bb#aaaaaa\u00a0\u00bb title_font_size=\u00a0\u00bb15px\u00a0\u00bb title_letter_spacing=\u00a0\u00bb2px\u00a0\u00bb title_line_height=\u00a0\u00bb1.3em\u00a0\u00bb custom_margin=\u00a0\u00bb||5px||false|false\u00a0\u00bb custom_padding=\u00a0\u00bb5px||0px|10px|false|false\u00a0\u00bb title_font_size_tablet=\u00a0\u00bb15px\u00a0\u00bb title_font_size_phone=\u00a0\u00bb14px\u00a0\u00bb title_font_size_last_edited=\u00a0\u00bbon|phone\u00a0\u00bb border_width_left=\u00a0\u00bb2px\u00a0\u00bb border_color_left=\u00a0\u00bbgcid-primary-color\u00a0\u00bb global_colors_info=\u00a0\u00bb{%22gcid-primary-color%22:%91%22border_color_left%22%93}\u00a0\u00bb][\/et_pb_heading][et_pb_heading title=\u00a0\u00bbSolutions d&#039;ing\u00e9nierie\u00a0\u00bb _builder_version=\u00a0\u00bb4.27.4&Prime; _module_preset=\u00a0\u00bbdefault\u00a0\u00bb title_font_size=\u00a0\u00bb33px\u00a0\u00bb title_line_height=\u00a0\u00bb1.2em\u00a0\u00bb custom_margin=\u00a0\u00bb||25px|||\u00a0\u00bb title_font_size_tablet=\u00a0\u00bb30px\u00a0\u00bb title_font_size_phone=\u00a0\u00bb27px\u00a0\u00bb title_font_size_last_edited=\u00a0\u00bbon|desktop\u00a0\u00bb global_colors_info=\u00a0\u00bb{}\u00a0\u00bb][\/et_pb_heading][et_pb_text _builder_version=\u00a0\u00bb4.27.4&Prime; _module_preset=\u00a0\u00bbdefault\u00a0\u00bb global_colors_info=\u00a0\u00bb{}\u00a0\u00bb]<\/p>\n<p>Chez Grupo Goded, nous disposons d&rsquo;une \u00e9quipe d&rsquo;ing\u00e9nieurs sp\u00e9cialis\u00e9s dans les structures m\u00e9talliques, avec plus de 20 ans d&rsquo;exp\u00e9rience dans le secteur. Notre objectif est d&rsquo;offrir des solutions int\u00e9grales qui couvrent toutes les phases, de la conception et du calcul \u00e0 la fabrication et au montage, en garantissant toujours pr\u00e9cision, s\u00e9curit\u00e9 et efficacit\u00e9. <\/p>\n<p>Gr\u00e2ce \u00e0 une approche collaborative avec nos clients, nous sommes en mesure de transformer des id\u00e9es en projets viables, en optimisant les ressources et les d\u00e9lais sans renoncer \u00e0 une qualit\u00e9 optimale.<\/p>\n<p>[\/et_pb_text][et_pb_blurb title=\u00a0\u00bbMod\u00e9lisation dans TEKLA BIM avec m\u00e9thodologie num\u00e9rique 3D\u00a0\u00bb use_icon=\u00a0\u00bbon\u00a0\u00bb font_icon=\u00a0\u00bb&#xe052;||divi||400&Prime; icon_placement=\u00a0\u00bbleft\u00a0\u00bb image_icon_width=\u00a0\u00bb23px\u00a0\u00bb content_max_width=\u00a0\u00bb1100px\u00a0\u00bb _builder_version=\u00a0\u00bb4.27.4&Prime; _module_preset=\u00a0\u00bbdefault\u00a0\u00bb header_font_size=\u00a0\u00bb17px\u00a0\u00bb image_icon_custom_margin=\u00a0\u00bb-3px||||false|false\u00a0\u00bb custom_margin=\u00a0\u00bb||20px||false|false\u00a0\u00bb locked=\u00a0\u00bboff\u00a0\u00bb global_colors_info=\u00a0\u00bb{}\u00a0\u00bb][\/et_pb_blurb][et_pb_blurb title=\u00a0\u00bbCollaboration directe avec le client pour des propositions constructives\u00a0\u00bb use_icon=\u00a0\u00bbon\u00a0\u00bb font_icon=\u00a0\u00bb&#xe052;||divi||400&Prime; icon_placement=\u00a0\u00bbleft\u00a0\u00bb image_icon_width=\u00a0\u00bb23px\u00a0\u00bb content_max_width=\u00a0\u00bb1100px\u00a0\u00bb _builder_version=\u00a0\u00bb4.27.4&Prime; _module_preset=\u00a0\u00bbdefault\u00a0\u00bb header_font_size=\u00a0\u00bb17px\u00a0\u00bb image_icon_custom_margin=\u00a0\u00bb-3px||||false|false\u00a0\u00bb custom_margin=\u00a0\u00bb||20px||false|false\u00a0\u00bb locked=\u00a0\u00bboff\u00a0\u00bb global_colors_info=\u00a0\u00bb{}\u00a0\u00bb][\/et_pb_blurb][et_pb_blurb title=\u00a0\u00bbOptimisation des d\u00e9lais et des co\u00fbts \u00e0 toutes les phases du projet\u00a0\u00bb use_icon=\u00a0\u00bbon\u00a0\u00bb font_icon=\u00a0\u00bb&#xe052;||divi||400&Prime; icon_placement=\u00a0\u00bbleft\u00a0\u00bb image_icon_width=\u00a0\u00bb23px\u00a0\u00bb content_max_width=\u00a0\u00bb1100px\u00a0\u00bb _builder_version=\u00a0\u00bb4.27.4&Prime; _module_preset=\u00a0\u00bbdefault\u00a0\u00bb header_font_size=\u00a0\u00bb17px\u00a0\u00bb image_icon_custom_margin=\u00a0\u00bb-3px||||false|false\u00a0\u00bb custom_margin=\u00a0\u00bb||20px||false|false\u00a0\u00bb locked=\u00a0\u00bboff\u00a0\u00bb global_colors_info=\u00a0\u00bb{}\u00a0\u00bb][\/et_pb_blurb][\/et_pb_column][et_pb_column type=\u00a0\u00bb1_2&Prime; _builder_version=\u00a0\u00bb4.27.4&Prime; _module_preset=\u00a0\u00bbdefault\u00a0\u00bb global_colors_info=\u00a0\u00bb{}\u00a0\u00bb][et_pb_gallery gallery_ids=\u00a0\u00bb2069,2070,2071,2072,2073,2074,2075,2076,2077,2078,2079,2080,2081&Prime; fullwidth=\u00a0\u00bbon\u00a0\u00bb _builder_version=\u00a0\u00bb4.27.4&Prime; _module_preset=\u00a0\u00bbdefault\u00a0\u00bb auto=\u00a0\u00bbon\u00a0\u00bb hover_enabled=\u00a0\u00bb0&Prime; border_radii=\u00a0\u00bbon|10px|10px|10px|10px\u00a0\u00bb global_colors_info=\u00a0\u00bb{}\u00a0\u00bb sticky_enabled=\u00a0\u00bb0&Prime;][\/et_pb_gallery][et_pb_image src=\u00a0\u00bbhttps:\/\/www.goded.com\/wp-content\/uploads\/2025\/09\/CE-oxicorte-nuevo.jpg\u00a0\u00bb align=\u00a0\u00bbright\u00a0\u00bb _builder_version=\u00a0\u00bb4.27.4&Prime; _module_preset=\u00a0\u00bbdefault\u00a0\u00bb positioning=\u00a0\u00bbabsolute\u00a0\u00bb position_origin_a=\u00a0\u00bbtop_right\u00a0\u00bb vertical_offset=\u00a0\u00bb10px\u00a0\u00bb horizontal_offset=\u00a0\u00bb10px\u00a0\u00bb z_index=\u00a0\u00bb1&Prime; width=\u00a0\u00bb100%\u00a0\u00bb width_tablet=\u00a0\u00bb100%\u00a0\u00bb width_phone=\u00a0\u00bb25%\u00a0\u00bb width_last_edited=\u00a0\u00bbon|phone\u00a0\u00bb border_radii=\u00a0\u00bbon|10px|10px|10px|10px\u00a0\u00bb border_radii_tablet=\u00a0\u00bbon|10px|10px|10px|10px\u00a0\u00bb border_radii_phone=\u00a0\u00bbon|5px|5px|5px|5px\u00a0\u00bb border_radii_last_edited=\u00a0\u00bbon|phone\u00a0\u00bb global_colors_info=\u00a0\u00bb{}\u00a0\u00bb][\/et_pb_image][\/et_pb_column][\/et_pb_row][\/et_pb_section][et_pb_section fb_built=\u00a0\u00bb1&Prime; _builder_version=\u00a0\u00bb4.27.4&Prime; _module_preset=\u00a0\u00bbdefault\u00a0\u00bb background_color=\u00a0\u00bb#e5e5e5&Prime; global_colors_info=\u00a0\u00bb{}\u00a0\u00bb][et_pb_row column_structure=\u00a0\u00bb3_4,1_4&Prime; make_equal=\u00a0\u00bbon\u00a0\u00bb _builder_version=\u00a0\u00bb4.27.4&Prime; _module_preset=\u00a0\u00bbdefault\u00a0\u00bb custom_css_main_element=\u00a0\u00bbalign-items:center;\u00a0\u00bb global_colors_info=\u00a0\u00bb{}\u00a0\u00bb][et_pb_column type=\u00a0\u00bb3_4&Prime; _builder_version=\u00a0\u00bb4.27.4&Prime; _module_preset=\u00a0\u00bbdefault\u00a0\u00bb global_colors_info=\u00a0\u00bb{}\u00a0\u00bb][et_pb_heading title=\u00a0\u00bbDemandez un devis pour votre projet\u00a0\u00bb _builder_version=\u00a0\u00bb4.27.4&Prime; _module_preset=\u00a0\u00bbdefault\u00a0\u00bb title_level=\u00a0\u00bbh2&Prime; title_font_size=\u00a0\u00bb29px\u00a0\u00bb title_line_height=\u00a0\u00bb1.2em\u00a0\u00bb custom_margin=\u00a0\u00bb||8px|||\u00a0\u00bb title_font_size_tablet=\u00a0\u00bb27px\u00a0\u00bb title_font_size_phone=\u00a0\u00bb24px\u00a0\u00bb title_font_size_last_edited=\u00a0\u00bbon|tablet\u00a0\u00bb global_colors_info=\u00a0\u00bb{}\u00a0\u00bb][\/et_pb_heading][et_pb_text _builder_version=\u00a0\u00bb4.27.4&Prime; _module_preset=\u00a0\u00bbdefault\u00a0\u00bb text_font=\u00a0\u00bb|600|||||||\u00a0\u00bb text_font_size=\u00a0\u00bb17px\u00a0\u00bb global_colors_info=\u00a0\u00bb{}\u00a0\u00bb]Chez Grupo Goded, nous mettons \u00e0 votre disposition une \u00e9quipe d&rsquo;ing\u00e9nieurs hautement qualifi\u00e9s et les outils num\u00e9riques les plus avanc\u00e9s pour faire de votre projet une r\u00e9alit\u00e9 solide et efficace.[\/et_pb_text][\/et_pb_column][et_pb_column type=\u00a0\u00bb1_4&Prime; _builder_version=\u00a0\u00bb4.27.4&Prime; _module_preset=\u00a0\u00bbdefault\u00a0\u00bb global_colors_info=\u00a0\u00bb{}\u00a0\u00bb][et_pb_button button_url=\u00a0\u00bbhttps:\/\/www.goded.com\/fr\/contact\u00a0\u00bb button_text=\u00a0\u00bbContact\u00a0\u00bb button_alignment=\u00a0\u00bbright\u00a0\u00bb button_alignment_tablet=\u00a0\u00bbleft\u00a0\u00bb button_alignment_phone=\u00a0\u00bbleft\u00a0\u00bb button_alignment_last_edited=\u00a0\u00bbon|phone\u00a0\u00bb _builder_version=\u00a0\u00bb4.27.4&Prime; _module_preset=\u00a0\u00bbdefault\u00a0\u00bb custom_button=\u00a0\u00bbon\u00a0\u00bb button_font=\u00a0\u00bb|600|||||||\u00a0\u00bb button_on_hover=\u00a0\u00bboff\u00a0\u00bb transform_translate_linked=\u00a0\u00bboff\u00a0\u00bb global_colors_info=\u00a0\u00bb{}\u00a0\u00bb transform_styles__hover_enabled=\u00a0\u00bbon|desktop\u00a0\u00bb transform_scale__hover_enabled=\u00a0\u00bbon|desktop\u00a0\u00bb transform_translate__hover_enabled=\u00a0\u00bbon|desktop\u00a0\u00bb transform_rotate__hover_enabled=\u00a0\u00bbon|desktop\u00a0\u00bb transform_skew__hover_enabled=\u00a0\u00bbon|desktop\u00a0\u00bb transform_origin__hover_enabled=\u00a0\u00bbon|desktop\u00a0\u00bb transform_translate__hover=\u00a0\u00bb5px|0px\u00a0\u00bb box_shadow_color__hover_enabled=\u00a0\u00bbon|hover\u00a0\u00bb box_shadow_color__hover=\u00a0\u00bbrgba(0,0,0,0.3)\u00a0\u00bb box_shadow_horizontal__hover_enabled=\u00a0\u00bbon|hover\u00a0\u00bb box_shadow_horizontal__hover=\u00a0\u00bb-10px\u00a0\u00bb box_shadow_vertical__hover_enabled=\u00a0\u00bbon|desktop\u00a0\u00bb box_shadow_vertical__hover=\u00a0\u00bb5px\u00a0\u00bb][\/et_pb_button][\/et_pb_column][\/et_pb_row][\/et_pb_section]<\/p>\n","protected":false},"excerpt":{"rendered":"<p>Chez Grupo Goded, nous disposons d&rsquo;une \u00e9quipe d&rsquo;ing\u00e9nieurs sp\u00e9cialis\u00e9s dans les structures m\u00e9talliques, avec plus de 20 ans d&rsquo;exp\u00e9rience dans le secteur. Notre objectif est d&rsquo;offrir des solutions int\u00e9grales qui couvrent toutes les phases, de la conception et du calcul \u00e0 la fabrication et au montage, en garantissant toujours pr\u00e9cision, s\u00e9curit\u00e9 et efficacit\u00e9. Gr\u00e2ce \u00e0 [&hellip;]<\/p>\n","protected":false},"author":1,"featured_media":1792,"parent":0,"menu_order":0,"comment_status":"closed","ping_status":"closed","template":"","meta":{"_et_pb_use_builder":"on","_et_pb_old_content":"","_et_gb_content_width":"","footnotes":""},"class_list":["post-2082","page","type-page","status-publish","has-post-thumbnail","hentry"],"yoast_head":"<!-- This site is optimized with the Yoast SEO Premium plugin v22.4 (Yoast SEO v26.3) - https:\/\/yoast.com\/wordpress\/plugins\/seo\/ -->\n<title>Ing\u00e9nierie Division Structure M\u00e9tallique | Grupo Goded<\/title>\n<meta name=\"description\" content=\"\u00c9quipe d&#039;ing\u00e9nieurs sp\u00e9cialis\u00e9s dans les structures m\u00e9talliques. Solutions int\u00e9grales : conception, calcul, fabrication et montage.\" \/>\n<meta name=\"robots\" content=\"index, follow, max-snippet:-1, max-image-preview:large, max-video-preview:-1\" \/>\n<link rel=\"canonical\" href=\"https:\/\/www.goded.com\/fr\/ingenierie\/\" \/>\n<meta property=\"og:locale\" content=\"fr_FR\" \/>\n<meta property=\"og:type\" content=\"article\" \/>\n<meta property=\"og:title\" content=\"Ing\u00e9nierie\" \/>\n<meta property=\"og:description\" content=\"\u00c9quipe d&#039;ing\u00e9nieurs sp\u00e9cialis\u00e9s dans les structures m\u00e9talliques. Solutions int\u00e9grales : conception, calcul, fabrication et montage.\" \/>\n<meta property=\"og:url\" content=\"https:\/\/www.goded.com\/fr\/ingenierie\/\" \/>\n<meta property=\"og:site_name\" content=\"Grupo Goded\" \/>\n<meta property=\"article:modified_time\" content=\"2025-11-14T09:58:53+00:00\" \/>\n<meta property=\"og:image\" content=\"https:\/\/www.goded.com\/wp-content\/uploads\/2025\/08\/ingenieria-inicio-goded.webp\" \/>\n\t<meta property=\"og:image:width\" content=\"350\" \/>\n\t<meta property=\"og:image:height\" content=\"439\" \/>\n\t<meta property=\"og:image:type\" content=\"image\/webp\" \/>\n<meta name=\"twitter:card\" content=\"summary_large_image\" \/>\n<meta name=\"twitter:label1\" content=\"Dur\u00e9e de lecture estim\u00e9e\" \/>\n\t<meta name=\"twitter:data1\" content=\"5 minutes\" \/>\n<script type=\"application\/ld+json\" class=\"yoast-schema-graph\">{\"@context\":\"https:\/\/schema.org\",\"@graph\":[{\"@type\":\"WebPage\",\"@id\":\"https:\/\/www.goded.com\/fr\/ingenierie\/\",\"url\":\"https:\/\/www.goded.com\/fr\/ingenierie\/\",\"name\":\"Ing\u00e9nierie Division Structure M\u00e9tallique | Grupo Goded\",\"isPartOf\":{\"@id\":\"https:\/\/www.goded.com\/fr\/#website\"},\"primaryImageOfPage\":{\"@id\":\"https:\/\/www.goded.com\/fr\/ingenierie\/#primaryimage\"},\"image\":{\"@id\":\"https:\/\/www.goded.com\/fr\/ingenierie\/#primaryimage\"},\"thumbnailUrl\":\"https:\/\/www.goded.com\/wp-content\/uploads\/2025\/08\/ingenieria-inicio-goded.webp\",\"datePublished\":\"2025-09-17T06:56:29+00:00\",\"dateModified\":\"2025-11-14T09:58:53+00:00\",\"description\":\"\u00c9quipe d'ing\u00e9nieurs sp\u00e9cialis\u00e9s dans les structures m\u00e9talliques. Solutions int\u00e9grales : conception, calcul, fabrication et montage.\",\"breadcrumb\":{\"@id\":\"https:\/\/www.goded.com\/fr\/ingenierie\/#breadcrumb\"},\"inLanguage\":\"fr-FR\",\"potentialAction\":[{\"@type\":\"ReadAction\",\"target\":[\"https:\/\/www.goded.com\/fr\/ingenierie\/\"]}]},{\"@type\":\"ImageObject\",\"inLanguage\":\"fr-FR\",\"@id\":\"https:\/\/www.goded.com\/fr\/ingenierie\/#primaryimage\",\"url\":\"https:\/\/www.goded.com\/wp-content\/uploads\/2025\/08\/ingenieria-inicio-goded.webp\",\"contentUrl\":\"https:\/\/www.goded.com\/wp-content\/uploads\/2025\/08\/ingenieria-inicio-goded.webp\",\"width\":350,\"height\":439,\"caption\":\"Solutions d'ing\u00e9nierie Grupo Goded\"},{\"@type\":\"BreadcrumbList\",\"@id\":\"https:\/\/www.goded.com\/fr\/ingenierie\/#breadcrumb\",\"itemListElement\":[{\"@type\":\"ListItem\",\"position\":1,\"name\":\"Portada\",\"item\":\"https:\/\/www.goded.com\/fr\/grupo-goded-2\/\"},{\"@type\":\"ListItem\",\"position\":2,\"name\":\"Ing\u00e9nierie\"}]},{\"@type\":\"WebSite\",\"@id\":\"https:\/\/www.goded.com\/fr\/#website\",\"url\":\"https:\/\/www.goded.com\/fr\/\",\"name\":\"Grupo Goded\",\"description\":\"Empresa Metal\u00fargica en Barcelona\",\"potentialAction\":[{\"@type\":\"SearchAction\",\"target\":{\"@type\":\"EntryPoint\",\"urlTemplate\":\"https:\/\/www.goded.com\/fr\/?s={search_term_string}\"},\"query-input\":{\"@type\":\"PropertyValueSpecification\",\"valueRequired\":true,\"valueName\":\"search_term_string\"}}],\"inLanguage\":\"fr-FR\"}]}<\/script>\n<!-- \/ Yoast SEO Premium plugin. -->","yoast_head_json":{"title":"Ing\u00e9nierie Division Structure M\u00e9tallique | Grupo Goded","description":"\u00c9quipe d'ing\u00e9nieurs sp\u00e9cialis\u00e9s dans les structures m\u00e9talliques. Solutions int\u00e9grales : conception, calcul, fabrication et montage.","robots":{"index":"index","follow":"follow","max-snippet":"max-snippet:-1","max-image-preview":"max-image-preview:large","max-video-preview":"max-video-preview:-1"},"canonical":"https:\/\/www.goded.com\/fr\/ingenierie\/","og_locale":"fr_FR","og_type":"article","og_title":"Ing\u00e9nierie","og_description":"\u00c9quipe d'ing\u00e9nieurs sp\u00e9cialis\u00e9s dans les structures m\u00e9talliques. Solutions int\u00e9grales : conception, calcul, fabrication et montage.","og_url":"https:\/\/www.goded.com\/fr\/ingenierie\/","og_site_name":"Grupo Goded","article_modified_time":"2025-11-14T09:58:53+00:00","og_image":[{"width":350,"height":439,"url":"https:\/\/www.goded.com\/wp-content\/uploads\/2025\/08\/ingenieria-inicio-goded.webp","type":"image\/webp"}],"twitter_card":"summary_large_image","twitter_misc":{"Dur\u00e9e de lecture estim\u00e9e":"5 minutes"},"schema":{"@context":"https:\/\/schema.org","@graph":[{"@type":"WebPage","@id":"https:\/\/www.goded.com\/fr\/ingenierie\/","url":"https:\/\/www.goded.com\/fr\/ingenierie\/","name":"Ing\u00e9nierie Division Structure M\u00e9tallique | Grupo Goded","isPartOf":{"@id":"https:\/\/www.goded.com\/fr\/#website"},"primaryImageOfPage":{"@id":"https:\/\/www.goded.com\/fr\/ingenierie\/#primaryimage"},"image":{"@id":"https:\/\/www.goded.com\/fr\/ingenierie\/#primaryimage"},"thumbnailUrl":"https:\/\/www.goded.com\/wp-content\/uploads\/2025\/08\/ingenieria-inicio-goded.webp","datePublished":"2025-09-17T06:56:29+00:00","dateModified":"2025-11-14T09:58:53+00:00","description":"\u00c9quipe d'ing\u00e9nieurs sp\u00e9cialis\u00e9s dans les structures m\u00e9talliques. Solutions int\u00e9grales : conception, calcul, fabrication et montage.","breadcrumb":{"@id":"https:\/\/www.goded.com\/fr\/ingenierie\/#breadcrumb"},"inLanguage":"fr-FR","potentialAction":[{"@type":"ReadAction","target":["https:\/\/www.goded.com\/fr\/ingenierie\/"]}]},{"@type":"ImageObject","inLanguage":"fr-FR","@id":"https:\/\/www.goded.com\/fr\/ingenierie\/#primaryimage","url":"https:\/\/www.goded.com\/wp-content\/uploads\/2025\/08\/ingenieria-inicio-goded.webp","contentUrl":"https:\/\/www.goded.com\/wp-content\/uploads\/2025\/08\/ingenieria-inicio-goded.webp","width":350,"height":439,"caption":"Solutions d'ing\u00e9nierie Grupo Goded"},{"@type":"BreadcrumbList","@id":"https:\/\/www.goded.com\/fr\/ingenierie\/#breadcrumb","itemListElement":[{"@type":"ListItem","position":1,"name":"Portada","item":"https:\/\/www.goded.com\/fr\/grupo-goded-2\/"},{"@type":"ListItem","position":2,"name":"Ing\u00e9nierie"}]},{"@type":"WebSite","@id":"https:\/\/www.goded.com\/fr\/#website","url":"https:\/\/www.goded.com\/fr\/","name":"Grupo Goded","description":"Empresa Metal\u00fargica en Barcelona","potentialAction":[{"@type":"SearchAction","target":{"@type":"EntryPoint","urlTemplate":"https:\/\/www.goded.com\/fr\/?s={search_term_string}"},"query-input":{"@type":"PropertyValueSpecification","valueRequired":true,"valueName":"search_term_string"}}],"inLanguage":"fr-FR"}]}},"_links":{"self":[{"href":"https:\/\/www.goded.com\/fr\/wp-json\/wp\/v2\/pages\/2082","targetHints":{"allow":["GET"]}}],"collection":[{"href":"https:\/\/www.goded.com\/fr\/wp-json\/wp\/v2\/pages"}],"about":[{"href":"https:\/\/www.goded.com\/fr\/wp-json\/wp\/v2\/types\/page"}],"author":[{"embeddable":true,"href":"https:\/\/www.goded.com\/fr\/wp-json\/wp\/v2\/users\/1"}],"replies":[{"embeddable":true,"href":"https:\/\/www.goded.com\/fr\/wp-json\/wp\/v2\/comments?post=2082"}],"version-history":[{"count":3,"href":"https:\/\/www.goded.com\/fr\/wp-json\/wp\/v2\/pages\/2082\/revisions"}],"predecessor-version":[{"id":2089,"href":"https:\/\/www.goded.com\/fr\/wp-json\/wp\/v2\/pages\/2082\/revisions\/2089"}],"wp:featuredmedia":[{"embeddable":true,"href":"https:\/\/www.goded.com\/fr\/wp-json\/wp\/v2\/media\/1792"}],"wp:attachment":[{"href":"https:\/\/www.goded.com\/fr\/wp-json\/wp\/v2\/media?parent=2082"}],"curies":[{"name":"wp","href":"https:\/\/api.w.org\/{rel}","templated":true}]}}