{"id":2173,"date":"2026-02-12T16:44:55","date_gmt":"2026-02-12T15:44:55","guid":{"rendered":"https:\/\/www.goded.com\/mecano-soldadura\/"},"modified":"2026-02-12T17:10:52","modified_gmt":"2026-02-12T16:10:52","slug":"mecano-soldadura","status":"publish","type":"page","link":"https:\/\/www.goded.com\/ca\/mecano-soldadura\/","title":{"rendered":"Mecano soldadura"},"content":{"rendered":"<p>[et_pb_section fb_built=&#8221;1&#8243; _builder_version=&#8221;4.27.4&#8243; _module_preset=&#8221;default&#8221; global_colors_info=&#8221;{}&#8221;][et_pb_row column_structure=&#8221;1_2,1_2&#8243; _builder_version=&#8221;4.27.4&#8243; _module_preset=&#8221;default&#8221; global_colors_info=&#8221;{}&#8221;][et_pb_column type=&#8221;1_2&#8243; _builder_version=&#8221;4.27.4&#8243; _module_preset=&#8221;default&#8221; global_colors_info=&#8221;{}&#8221;][et_pb_heading title=&#8221;Solucions met\u00e0l\u00b7liques a mida&#8221; _builder_version=&#8221;4.27.4&#8243; _module_preset=&#8221;default&#8221; title_level=&#8221;h2&#8243; title_font=&#8221;|||on|||||&#8221; title_text_color=&#8221;#aaaaaa&#8221; title_font_size=&#8221;15px&#8221; title_letter_spacing=&#8221;2px&#8221; title_line_height=&#8221;1.3em&#8221; custom_margin=&#8221;||5px||false|false&#8221; custom_padding=&#8221;5px||0px|10px|false|false&#8221; title_font_size_tablet=&#8221;15px&#8221; title_font_size_phone=&#8221;14px&#8221; title_font_size_last_edited=&#8221;on|phone&#8221; border_width_left=&#8221;2px&#8221; border_color_left=&#8221;gcid-primary-color&#8221; global_colors_info=&#8221;{%22gcid-primary-color%22:%91%22border_color_left%22%93}&#8221;][\/et_pb_heading][et_pb_heading title=&#8221;Mecano soldadura industrial&#8221; _builder_version=&#8221;4.27.4&#8243; _module_preset=&#8221;default&#8221; title_font_size=&#8221;33px&#8221; title_line_height=&#8221;1.2em&#8221; custom_margin=&#8221;||25px|||&#8221; title_font_size_tablet=&#8221;30px&#8221; title_font_size_phone=&#8221;27px&#8221; title_font_size_last_edited=&#8221;on|desktop&#8221; global_colors_info=&#8221;{}&#8221;][\/et_pb_heading][et_pb_text _builder_version=&#8221;4.27.4&#8243; _module_preset=&#8221;default&#8221; hover_enabled=&#8221;0&#8243; global_colors_info=&#8221;{}&#8221; sticky_enabled=&#8221;0&#8243;]<\/p>\n<p>A Grupo Goded desenvolupem projectes de mecano soldadura industrial amb un enfocament integral que abasta des de l&#8217;enginyeria i el disseny fins a la fabricaci\u00f3, assemblatge i acabats finals.<\/p>\n<p>La nostra traject\u00f2ria es basa en l&#8217;excel\u00b7l\u00e8ncia t\u00e8cnica, la innovaci\u00f3 constant i una orientaci\u00f3 total al client, cosa que ens permet posicionar-nos com un aliat estrat\u00e8gic per a empreses que busquen un prove\u00efdor competent, competitiu i t\u00e8cnicament solvent en l&#8217;\u00e0mbit de l&#8217;enginyeria met\u00e0l\u00b7lica.<\/p>\n<p>Oferim un servei integral en fabricaci\u00f3 met\u00e0l\u00b7lica i mecano soldadura, que inclou:<\/p>\n<ul>\n<li>Fabricaci\u00f3 de peces individuals<\/li>\n<li>Subconjunts estructurals<\/li>\n<li>Estructures met\u00e0l\u00b7liques completes<\/li>\n<li>Assemble de components mecanitzats<\/li>\n<\/ul>\n<p>Treballem amb tecnologia i maquin\u00e0ria de precisi\u00f3, aplicant processos innovadors, garantint la qualitat a cada fase i oferint tractaments i acabats adaptats a les necessitats de cada projecte.<\/p>\n<p>[\/et_pb_text][\/et_pb_column][et_pb_column type=&#8221;1_2&#8243; _builder_version=&#8221;4.27.4&#8243; _module_preset=&#8221;default&#8221; global_colors_info=&#8221;{}&#8221;][et_pb_gallery gallery_ids=&#8221;2168,2169,2170,2171,2172&#8243; fullwidth=&#8221;on&#8221; _builder_version=&#8221;4.27.4&#8243; _module_preset=&#8221;default&#8221; background_layout=&#8221;dark&#8221; auto=&#8221;on&#8221; border_radii=&#8221;on|10px|10px|10px|10px&#8221; global_colors_info=&#8221;{}&#8221;][\/et_pb_gallery][et_pb_button button_url=&#8221;mailto:mecanizado-oxigoded@goded.es&#8221; button_text=&#8221;Sol\u00b7licitar pressupost&#8221; button_alignment=&#8221;left&#8221; button_alignment_tablet=&#8221;left&#8221; button_alignment_phone=&#8221;left&#8221; button_alignment_last_edited=&#8221;on|tablet&#8221; disabled_on=&#8221;off|off|off&#8221; _builder_version=&#8221;4.27.4&#8243; _module_preset=&#8221;default&#8221; custom_button=&#8221;on&#8221; button_font=&#8221;|600|||||||&#8221; button_on_hover=&#8221;off&#8221; transform_translate_linked=&#8221;off&#8221; global_colors_info=&#8221;{}&#8221; transform_styles__hover_enabled=&#8221;on|desktop&#8221; transform_scale__hover_enabled=&#8221;on|desktop&#8221; transform_translate__hover_enabled=&#8221;on|desktop&#8221; transform_rotate__hover_enabled=&#8221;on|desktop&#8221; transform_skew__hover_enabled=&#8221;on|desktop&#8221; transform_origin__hover_enabled=&#8221;on|desktop&#8221; transform_translate__hover=&#8221;5px|0px&#8221; box_shadow_color__hover_enabled=&#8221;on|hover&#8221; box_shadow_color__hover=&#8221;rgba(0,0,0,0.3)&#8221; box_shadow_horizontal__hover_enabled=&#8221;on|hover&#8221; box_shadow_horizontal__hover=&#8221;-10px&#8221; box_shadow_vertical__hover_enabled=&#8221;on|desktop&#8221; box_shadow_vertical__hover=&#8221;5px&#8221;][\/et_pb_button][\/et_pb_column][\/et_pb_row][\/et_pb_section][et_pb_section fb_built=&#8221;1&#8243; disabled_on=&#8221;on|on|on&#8221; _builder_version=&#8221;4.27.4&#8243; _module_preset=&#8221;default&#8221; background_color=&#8221;#f7f7f7&#8243; disabled=&#8221;on&#8221; global_colors_info=&#8221;{}&#8221;][et_pb_row column_structure=&#8221;1_2,1_2&#8243; module_class=&#8221;ov-fancy-hover&#8221; _builder_version=&#8221;4.27.4&#8243; _module_preset=&#8221;default&#8221; global_colors_info=&#8221;{}&#8221;][et_pb_column type=&#8221;1_2&#8243; _builder_version=&#8221;4.27.4&#8243; _module_preset=&#8221;default&#8221; global_colors_info=&#8221;{}&#8221;][et_pb_heading title=&#8221;Proc\u00e9s clau per a estructures eficients i a mida&#8221; _builder_version=&#8221;4.27.4&#8243; _module_preset=&#8221;default&#8221; title_level=&#8221;h2&#8243; title_font=&#8221;|||on|||||&#8221; title_text_color=&#8221;#aaaaaa&#8221; title_font_size=&#8221;15px&#8221; title_letter_spacing=&#8221;2px&#8221; title_line_height=&#8221;1.3em&#8221; custom_margin=&#8221;||5px||false|false&#8221; custom_padding=&#8221;5px||0px|10px|false|false&#8221; title_font_size_tablet=&#8221;15px&#8221; title_font_size_phone=&#8221;14px&#8221; title_font_size_last_edited=&#8221;on|phone&#8221; border_width_left=&#8221;2px&#8221; border_color_left=&#8221;gcid-primary-color&#8221; global_colors_info=&#8221;{%22gcid-primary-color%22:%91%22border_color_left%22%93}&#8221;][\/et_pb_heading][et_pb_heading title=&#8221;Qu\u00e8 \u00e9s la mecano soldadura industrial i quins s\u00f3n els seus avantatges&#8221; _builder_version=&#8221;4.27.4&#8243; _module_preset=&#8221;default&#8221; title_level=&#8221;h2&#8243; title_font_size=&#8221;29px&#8221; title_line_height=&#8221;1.2em&#8221; custom_margin=&#8221;||25px|||&#8221; title_font_size_tablet=&#8221;27px&#8221; title_font_size_phone=&#8221;25px&#8221; title_font_size_last_edited=&#8221;on|phone&#8221; global_colors_info=&#8221;{}&#8221;][\/et_pb_heading][et_pb_text _builder_version=&#8221;4.27.4&#8243; _module_preset=&#8221;default&#8221; hover_enabled=&#8221;0&#8243; global_colors_info=&#8221;{}&#8221; sticky_enabled=&#8221;0&#8243;]<\/p>\n<p>La mecano soldadura industrial \u00e9s un proc\u00e9s de fabricaci\u00f3 que consisteix en la uni\u00f3 mitjan\u00e7ant soldadura de diferents peces met\u00e0l\u00b7liques pr\u00e8viament tallades, plegades o mecanitzades, amb l&#8217;objectiu de crear subconjunts o estructures completes d&#8217;alta resist\u00e8ncia i precisi\u00f3.<\/p>\n<p>Aquest sistema permet fabricar estructures complexes sense necessitat de grans peces massisses, optimitzant material, pes i costos.<\/p>\n<p>Gr\u00e0cies a la integraci\u00f3 de processos a les nostres instal\u00b7lacions, garantim precisi\u00f3 dimensional, control de qualitat i compliment de terminis en cada projecte.<\/p>\n<p>[\/et_pb_text][\/et_pb_column][et_pb_column type=&#8221;1_2&#8243; _builder_version=&#8221;4.27.4&#8243; _module_preset=&#8221;default&#8221; global_colors_info=&#8221;{}&#8221;][et_pb_blurb title=&#8221;Alta resist\u00e8ncia estructural&#8221; use_icon=&#8221;on&#8221; font_icon=&#8221;&#xe052;||divi||400&#8243; icon_placement=&#8221;left&#8221; image_icon_width=&#8221;25px&#8221; content_max_width=&#8221;1100px&#8221; _builder_version=&#8221;4.27.4&#8243; _module_preset=&#8221;default&#8221; custom_margin=&#8221;||20px||false|false&#8221; locked=&#8221;off&#8221; global_colors_info=&#8221;{}&#8221;]<\/p>\n<p>Ideal per a maquin\u00e0ria i estructures industrials.<\/p>\n<p>[\/et_pb_blurb][et_pb_blurb title=&#8221;Optimitzaci\u00f3 de materials&#8221; use_icon=&#8221;on&#8221; font_icon=&#8221;&#xe052;||divi||400&#8243; icon_placement=&#8221;left&#8221; image_icon_width=&#8221;25px&#8221; content_max_width=&#8221;1100px&#8221; _builder_version=&#8221;4.27.4&#8243; _module_preset=&#8221;default&#8221; custom_margin=&#8221;||20px||false|false&#8221; locked=&#8221;off&#8221; global_colors_info=&#8221;{}&#8221;]<\/p>\n<p>Reduint pes i costos de fabricaci\u00f3.<\/p>\n<p>[\/et_pb_blurb][et_pb_blurb title=&#8221;Flexibilitat de disseny&#8221; use_icon=&#8221;on&#8221; font_icon=&#8221;&#xe052;||divi||400&#8243; icon_placement=&#8221;left&#8221; image_icon_width=&#8221;25px&#8221; content_max_width=&#8221;1100px&#8221; _builder_version=&#8221;4.27.4&#8243; _module_preset=&#8221;default&#8221; custom_margin=&#8221;||20px||false|false&#8221; locked=&#8221;off&#8221; global_colors_info=&#8221;{}&#8221;]<\/p>\n<p>Permet fabricar conjunts a mida.<\/p>\n<p>[\/et_pb_blurb][et_pb_blurb title=&#8221;Integraci\u00f3 de processos&#8221; use_icon=&#8221;on&#8221; font_icon=&#8221;&#xe052;||divi||400&#8243; icon_placement=&#8221;left&#8221; image_icon_width=&#8221;25px&#8221; content_max_width=&#8221;1100px&#8221; _builder_version=&#8221;4.27.4&#8243; _module_preset=&#8221;default&#8221; custom_margin=&#8221;||20px||false|false&#8221; locked=&#8221;off&#8221; global_colors_info=&#8221;{}&#8221;]<\/p>\n<p>Combinant tall, mecanitzat, plegat i soldadura.<\/p>\n<p>[\/et_pb_blurb][et_pb_blurb title=&#8221;Escalabilitat&#8221; use_icon=&#8221;on&#8221; font_icon=&#8221;&#xe052;||divi||400&#8243; icon_placement=&#8221;left&#8221; image_icon_width=&#8221;25px&#8221; content_max_width=&#8221;1100px&#8221; _builder_version=&#8221;4.27.4&#8243; _module_preset=&#8221;default&#8221; custom_margin=&#8221;||20px||false|false&#8221; locked=&#8221;off&#8221; global_colors_info=&#8221;{}&#8221;]<\/p>\n<p>Apta tant per a s\u00e8ries curtes com a produccions repetitives.<\/p>\n<p>[\/et_pb_blurb][\/et_pb_column][\/et_pb_row][\/et_pb_section][et_pb_section fb_built=&#8221;1&#8243; _builder_version=&#8221;4.27.4&#8243; _module_preset=&#8221;default&#8221; background_color=&#8221;#e5e5e5&#8243; global_colors_info=&#8221;{}&#8221;][et_pb_row column_structure=&#8221;3_4,1_4&#8243; make_equal=&#8221;on&#8221; _builder_version=&#8221;4.27.4&#8243; _module_preset=&#8221;default&#8221; custom_css_main_element=&#8221;align-items:center;&#8221; global_colors_info=&#8221;{}&#8221;][et_pb_column type=&#8221;3_4&#8243; _builder_version=&#8221;4.27.4&#8243; _module_preset=&#8221;default&#8221; global_colors_info=&#8221;{}&#8221;][et_pb_heading title=&#8221;Desenvolupa el teu projecte de mecano soldadura amb garanties&#8221; _builder_version=&#8221;4.27.4&#8243; _module_preset=&#8221;default&#8221; title_level=&#8221;h2&#8243; title_font_size=&#8221;29px&#8221; title_line_height=&#8221;1.2em&#8221; custom_margin=&#8221;||8px|||&#8221; title_font_size_tablet=&#8221;27px&#8221; title_font_size_phone=&#8221;24px&#8221; title_font_size_last_edited=&#8221;on|tablet&#8221; global_colors_info=&#8221;{}&#8221;][\/et_pb_heading][et_pb_text _builder_version=&#8221;4.27.4&#8243; _module_preset=&#8221;default&#8221; text_font=&#8221;|600|||||||&#8221; text_font_size=&#8221;17px&#8221; global_colors_info=&#8221;{}&#8221;]<\/p>\n<p>Si necessites desenvolupar un projecte de mecano soldadura industrial o qualsevol altre dels nostres <a href=\"https:\/\/www.goded.com\/ca\/serveis-grupo-goded\/\">serveis<\/a>, contacta amb nosaltres. A Grupo Goded combinem tecnologia, experi\u00e8ncia i comprom\u00eds per garantir la m\u00e0xima qualitat i precisi\u00f3 en cada treball. <\/p>\n<p>[\/et_pb_text][\/et_pb_column][et_pb_column type=&#8221;1_4&#8243; _builder_version=&#8221;4.27.4&#8243; _module_preset=&#8221;default&#8221; global_colors_info=&#8221;{}&#8221;][et_pb_button button_url=&#8221;https:\/\/www.goded.com\/ca\/contacte\/&#8221; button_text=&#8221;Contactar&#8221; button_alignment=&#8221;right&#8221; button_alignment_tablet=&#8221;left&#8221; button_alignment_phone=&#8221;left&#8221; button_alignment_last_edited=&#8221;on|phone&#8221; _builder_version=&#8221;4.27.4&#8243; _module_preset=&#8221;default&#8221; custom_button=&#8221;on&#8221; button_font=&#8221;|600|||||||&#8221; button_on_hover=&#8221;off&#8221; transform_translate_linked=&#8221;off&#8221; global_colors_info=&#8221;{}&#8221; transform_styles__hover_enabled=&#8221;on|desktop&#8221; transform_scale__hover_enabled=&#8221;on|desktop&#8221; transform_translate__hover_enabled=&#8221;on|desktop&#8221; transform_rotate__hover_enabled=&#8221;on|desktop&#8221; transform_skew__hover_enabled=&#8221;on|desktop&#8221; transform_origin__hover_enabled=&#8221;on|desktop&#8221; transform_translate__hover=&#8221;5px|0px&#8221; box_shadow_color__hover_enabled=&#8221;on|hover&#8221; box_shadow_color__hover=&#8221;rgba(0,0,0,0.3)&#8221; box_shadow_horizontal__hover_enabled=&#8221;on|hover&#8221; box_shadow_horizontal__hover=&#8221;-10px&#8221; box_shadow_vertical__hover_enabled=&#8221;on|desktop&#8221; box_shadow_vertical__hover=&#8221;5px&#8221;][\/et_pb_button][\/et_pb_column][\/et_pb_row][\/et_pb_section]<\/p>\n","protected":false},"excerpt":{"rendered":"<p>A Grupo Goded desenvolupem projectes de mecano soldadura industrial amb un enfocament integral que abasta des de l&#8217;enginyeria i el disseny fins a la fabricaci\u00f3, assemblatge i acabats finals. La nostra traject\u00f2ria es basa en l&#8217;excel\u00b7l\u00e8ncia t\u00e8cnica, la innovaci\u00f3 constant i una orientaci\u00f3 total al client, cosa que ens permet posicionar-nos com un aliat estrat\u00e8gic [&hellip;]<\/p>\n","protected":false},"author":1,"featured_media":2168,"parent":0,"menu_order":0,"comment_status":"closed","ping_status":"closed","template":"","meta":{"_et_pb_use_builder":"on","_et_pb_old_content":"","_et_gb_content_width":"","footnotes":""},"class_list":["post-2173","page","type-page","status-publish","has-post-thumbnail","hentry"],"yoast_head":"<!-- This site is optimized with the Yoast SEO Premium plugin v22.4 (Yoast SEO v26.3) - https:\/\/yoast.com\/wordpress\/plugins\/seo\/ -->\n<title>Mecano soldadura industrial a Barcelona | Solucions met\u00e0l\u00b7liques<\/title>\n<meta name=\"description\" content=\"Servei de mecano soldadura industrial a Barcelona, \u200b\u200bCatalunya i la resta d&#039;Espanya. Solucions met\u00e0l\u00b7liques a mida a Grupo Goded.\" \/>\n<meta name=\"robots\" content=\"index, follow, max-snippet:-1, max-image-preview:large, max-video-preview:-1\" \/>\n<link rel=\"canonical\" href=\"https:\/\/www.goded.com\/ca\/mecano-soldadura\/\" \/>\n<meta property=\"og:locale\" content=\"ca_ES\" \/>\n<meta property=\"og:type\" content=\"article\" \/>\n<meta property=\"og:title\" content=\"Mecano soldadura\" \/>\n<meta property=\"og:description\" content=\"Servei de mecano soldadura industrial a Barcelona, \u200b\u200bCatalunya i la resta d&#039;Espanya. Solucions met\u00e0l\u00b7liques a mida a Grupo Goded.\" \/>\n<meta property=\"og:url\" content=\"https:\/\/www.goded.com\/ca\/mecano-soldadura\/\" \/>\n<meta property=\"og:site_name\" content=\"Grupo Goded\" \/>\n<meta property=\"article:modified_time\" content=\"2026-02-12T16:10:52+00:00\" \/>\n<meta property=\"og:image\" content=\"https:\/\/www.goded.com\/wp-content\/uploads\/2026\/02\/Servicios-Mecano-Soldadura-Grupo-Goded-1.webp\" \/>\n\t<meta property=\"og:image:width\" content=\"1000\" \/>\n\t<meta property=\"og:image:height\" content=\"664\" \/>\n\t<meta property=\"og:image:type\" content=\"image\/webp\" \/>\n<meta name=\"twitter:card\" content=\"summary_large_image\" \/>\n<meta name=\"twitter:label1\" content=\"Temps estimat de lectura\" \/>\n\t<meta name=\"twitter:data1\" content=\"7 minuts\" \/>\n<script type=\"application\/ld+json\" class=\"yoast-schema-graph\">{\"@context\":\"https:\/\/schema.org\",\"@graph\":[{\"@type\":\"WebPage\",\"@id\":\"https:\/\/www.goded.com\/ca\/mecano-soldadura\/\",\"url\":\"https:\/\/www.goded.com\/ca\/mecano-soldadura\/\",\"name\":\"Mecano soldadura industrial a Barcelona | Solucions met\u00e0l\u00b7liques\",\"isPartOf\":{\"@id\":\"https:\/\/www.goded.com\/ca\/#website\"},\"primaryImageOfPage\":{\"@id\":\"https:\/\/www.goded.com\/ca\/mecano-soldadura\/#primaryimage\"},\"image\":{\"@id\":\"https:\/\/www.goded.com\/ca\/mecano-soldadura\/#primaryimage\"},\"thumbnailUrl\":\"https:\/\/www.goded.com\/wp-content\/uploads\/2026\/02\/Servicios-Mecano-Soldadura-Grupo-Goded-1.webp\",\"datePublished\":\"2026-02-12T15:44:55+00:00\",\"dateModified\":\"2026-02-12T16:10:52+00:00\",\"description\":\"Servei de mecano soldadura industrial a Barcelona, \u200b\u200bCatalunya i la resta d'Espanya. Solucions met\u00e0l\u00b7liques a mida a Grupo Goded.\",\"breadcrumb\":{\"@id\":\"https:\/\/www.goded.com\/ca\/mecano-soldadura\/#breadcrumb\"},\"inLanguage\":\"ca\",\"potentialAction\":[{\"@type\":\"ReadAction\",\"target\":[\"https:\/\/www.goded.com\/ca\/mecano-soldadura\/\"]}]},{\"@type\":\"ImageObject\",\"inLanguage\":\"ca\",\"@id\":\"https:\/\/www.goded.com\/ca\/mecano-soldadura\/#primaryimage\",\"url\":\"https:\/\/www.goded.com\/wp-content\/uploads\/2026\/02\/Servicios-Mecano-Soldadura-Grupo-Goded-1.webp\",\"contentUrl\":\"https:\/\/www.goded.com\/wp-content\/uploads\/2026\/02\/Servicios-Mecano-Soldadura-Grupo-Goded-1.webp\",\"width\":1000,\"height\":664,\"caption\":\"Servei de mecano soldadura industrial a Barcelona i tot Espanya | Grupo Goded\"},{\"@type\":\"BreadcrumbList\",\"@id\":\"https:\/\/www.goded.com\/ca\/mecano-soldadura\/#breadcrumb\",\"itemListElement\":[{\"@type\":\"ListItem\",\"position\":1,\"name\":\"Portada\",\"item\":\"https:\/\/www.goded.com\/ca\/grupo-goded\/\"},{\"@type\":\"ListItem\",\"position\":2,\"name\":\"Mecano soldadura\"}]},{\"@type\":\"WebSite\",\"@id\":\"https:\/\/www.goded.com\/ca\/#website\",\"url\":\"https:\/\/www.goded.com\/ca\/\",\"name\":\"Grupo Goded\",\"description\":\"Empresa Metal\u00fargica en Barcelona\",\"potentialAction\":[{\"@type\":\"SearchAction\",\"target\":{\"@type\":\"EntryPoint\",\"urlTemplate\":\"https:\/\/www.goded.com\/ca\/?s={search_term_string}\"},\"query-input\":{\"@type\":\"PropertyValueSpecification\",\"valueRequired\":true,\"valueName\":\"search_term_string\"}}],\"inLanguage\":\"ca\"}]}<\/script>\n<!-- \/ Yoast SEO Premium plugin. -->","yoast_head_json":{"title":"Mecano soldadura industrial a Barcelona | Solucions met\u00e0l\u00b7liques","description":"Servei de mecano soldadura industrial a Barcelona, \u200b\u200bCatalunya i la resta d'Espanya. Solucions met\u00e0l\u00b7liques a mida a Grupo Goded.","robots":{"index":"index","follow":"follow","max-snippet":"max-snippet:-1","max-image-preview":"max-image-preview:large","max-video-preview":"max-video-preview:-1"},"canonical":"https:\/\/www.goded.com\/ca\/mecano-soldadura\/","og_locale":"ca_ES","og_type":"article","og_title":"Mecano soldadura","og_description":"Servei de mecano soldadura industrial a Barcelona, \u200b\u200bCatalunya i la resta d'Espanya. Solucions met\u00e0l\u00b7liques a mida a Grupo Goded.","og_url":"https:\/\/www.goded.com\/ca\/mecano-soldadura\/","og_site_name":"Grupo Goded","article_modified_time":"2026-02-12T16:10:52+00:00","og_image":[{"width":1000,"height":664,"url":"https:\/\/www.goded.com\/wp-content\/uploads\/2026\/02\/Servicios-Mecano-Soldadura-Grupo-Goded-1.webp","type":"image\/webp"}],"twitter_card":"summary_large_image","twitter_misc":{"Temps estimat de lectura":"7 minuts"},"schema":{"@context":"https:\/\/schema.org","@graph":[{"@type":"WebPage","@id":"https:\/\/www.goded.com\/ca\/mecano-soldadura\/","url":"https:\/\/www.goded.com\/ca\/mecano-soldadura\/","name":"Mecano soldadura industrial a Barcelona | Solucions met\u00e0l\u00b7liques","isPartOf":{"@id":"https:\/\/www.goded.com\/ca\/#website"},"primaryImageOfPage":{"@id":"https:\/\/www.goded.com\/ca\/mecano-soldadura\/#primaryimage"},"image":{"@id":"https:\/\/www.goded.com\/ca\/mecano-soldadura\/#primaryimage"},"thumbnailUrl":"https:\/\/www.goded.com\/wp-content\/uploads\/2026\/02\/Servicios-Mecano-Soldadura-Grupo-Goded-1.webp","datePublished":"2026-02-12T15:44:55+00:00","dateModified":"2026-02-12T16:10:52+00:00","description":"Servei de mecano soldadura industrial a Barcelona, \u200b\u200bCatalunya i la resta d'Espanya. Solucions met\u00e0l\u00b7liques a mida a Grupo Goded.","breadcrumb":{"@id":"https:\/\/www.goded.com\/ca\/mecano-soldadura\/#breadcrumb"},"inLanguage":"ca","potentialAction":[{"@type":"ReadAction","target":["https:\/\/www.goded.com\/ca\/mecano-soldadura\/"]}]},{"@type":"ImageObject","inLanguage":"ca","@id":"https:\/\/www.goded.com\/ca\/mecano-soldadura\/#primaryimage","url":"https:\/\/www.goded.com\/wp-content\/uploads\/2026\/02\/Servicios-Mecano-Soldadura-Grupo-Goded-1.webp","contentUrl":"https:\/\/www.goded.com\/wp-content\/uploads\/2026\/02\/Servicios-Mecano-Soldadura-Grupo-Goded-1.webp","width":1000,"height":664,"caption":"Servei de mecano soldadura industrial a Barcelona i tot Espanya | Grupo Goded"},{"@type":"BreadcrumbList","@id":"https:\/\/www.goded.com\/ca\/mecano-soldadura\/#breadcrumb","itemListElement":[{"@type":"ListItem","position":1,"name":"Portada","item":"https:\/\/www.goded.com\/ca\/grupo-goded\/"},{"@type":"ListItem","position":2,"name":"Mecano soldadura"}]},{"@type":"WebSite","@id":"https:\/\/www.goded.com\/ca\/#website","url":"https:\/\/www.goded.com\/ca\/","name":"Grupo Goded","description":"Empresa Metal\u00fargica en Barcelona","potentialAction":[{"@type":"SearchAction","target":{"@type":"EntryPoint","urlTemplate":"https:\/\/www.goded.com\/ca\/?s={search_term_string}"},"query-input":{"@type":"PropertyValueSpecification","valueRequired":true,"valueName":"search_term_string"}}],"inLanguage":"ca"}]}},"_links":{"self":[{"href":"https:\/\/www.goded.com\/ca\/wp-json\/wp\/v2\/pages\/2173","targetHints":{"allow":["GET"]}}],"collection":[{"href":"https:\/\/www.goded.com\/ca\/wp-json\/wp\/v2\/pages"}],"about":[{"href":"https:\/\/www.goded.com\/ca\/wp-json\/wp\/v2\/types\/page"}],"author":[{"embeddable":true,"href":"https:\/\/www.goded.com\/ca\/wp-json\/wp\/v2\/users\/1"}],"replies":[{"embeddable":true,"href":"https:\/\/www.goded.com\/ca\/wp-json\/wp\/v2\/comments?post=2173"}],"version-history":[{"count":7,"href":"https:\/\/www.goded.com\/ca\/wp-json\/wp\/v2\/pages\/2173\/revisions"}],"predecessor-version":[{"id":2183,"href":"https:\/\/www.goded.com\/ca\/wp-json\/wp\/v2\/pages\/2173\/revisions\/2183"}],"wp:featuredmedia":[{"embeddable":true,"href":"https:\/\/www.goded.com\/ca\/wp-json\/wp\/v2\/media\/2168"}],"wp:attachment":[{"href":"https:\/\/www.goded.com\/ca\/wp-json\/wp\/v2\/media?parent=2173"}],"curies":[{"name":"wp","href":"https:\/\/api.w.org\/{rel}","templated":true}]}}