{"id":1436,"date":"2025-09-16T19:23:53","date_gmt":"2025-09-16T17:23:53","guid":{"rendered":"https:\/\/www.goded.com\/punxonadora-combi\/"},"modified":"2025-11-05T17:06:51","modified_gmt":"2025-11-05T16:06:51","slug":"punxonadora-combi","status":"publish","type":"page","link":"https:\/\/www.goded.com\/ca\/punxonadora-combi\/","title":{"rendered":"Punxonadora combi"},"content":{"rendered":"<p>[et_pb_section fb_built=&#8221;1&#8243; _builder_version=&#8221;4.27.4&#8243; _module_preset=&#8221;default&#8221; global_colors_info=&#8221;{}&#8221; theme_builder_area=&#8221;post_content&#8221;][et_pb_row column_structure=&#8221;1_2,1_2&#8243; _builder_version=&#8221;4.27.4&#8243; _module_preset=&#8221;default&#8221; global_colors_info=&#8221;{}&#8221; theme_builder_area=&#8221;post_content&#8221;][et_pb_column type=&#8221;1_2&#8243; _builder_version=&#8221;4.27.4&#8243; _module_preset=&#8221;default&#8221; global_colors_info=&#8221;{}&#8221; theme_builder_area=&#8221;post_content&#8221;][et_pb_heading title=&#8221;Servei de punxonat de metalls&#8221; _builder_version=&#8221;4.27.4&#8243; _module_preset=&#8221;default&#8221; title_level=&#8221;h2&#8243; title_font=&#8221;|||on|||||&#8221; title_text_color=&#8221;#aaaaaa&#8221; title_font_size=&#8221;15px&#8221; title_letter_spacing=&#8221;2px&#8221; title_line_height=&#8221;1.3em&#8221; custom_margin=&#8221;||5px||false|false&#8221; custom_padding=&#8221;5px||0px|10px|false|false&#8221; hover_enabled=&#8221;0&#8243; title_font_size_tablet=&#8221;15px&#8221; title_font_size_phone=&#8221;14px&#8221; title_font_size_last_edited=&#8221;on|phone&#8221; border_width_left=&#8221;2px&#8221; border_color_left=&#8221;gcid-primary-color&#8221; global_colors_info=&#8221;{%22gcid-primary-color%22:%91%22border_color_left%22%93}&#8221; theme_builder_area=&#8221;post_content&#8221; sticky_enabled=&#8221;0&#8243;][\/et_pb_heading][et_pb_heading title=&#8221;Punxonadora combinada&#8221; _builder_version=&#8221;4.27.4&#8243; _module_preset=&#8221;default&#8221; title_font_size=&#8221;33px&#8221; title_line_height=&#8221;1.2em&#8221; custom_margin=&#8221;||25px|||&#8221; hover_enabled=&#8221;0&#8243; title_font_size_tablet=&#8221;30px&#8221; title_font_size_phone=&#8221;27px&#8221; title_font_size_last_edited=&#8221;on|desktop&#8221; global_colors_info=&#8221;{}&#8221; theme_builder_area=&#8221;post_content&#8221; sticky_enabled=&#8221;0&#8243;][\/et_pb_heading][et_pb_text _builder_version=&#8221;4.27.4&#8243; _module_preset=&#8221;default&#8221; hover_enabled=&#8221;0&#8243; global_colors_info=&#8221;{}&#8221; theme_builder_area=&#8221;post_content&#8221; sticky_enabled=&#8221;0&#8243;]A Grupo Goded comptem amb 2 punxonadores d&#8217;\u00faltima generaci\u00f3 capaces de treballar formats de fins a 2.500 x 1.250 mm sense reposici\u00f3, aconseguint velocitats de fins a 1.000 cops per minut. Aquesta tecnologia ens permet fer peces de manera \u00e0gil, precisa i amb una enorme varietat de formes i acabats. <\/p>\n<p>A m\u00e9s de punxonat, oferim processos complementaris com roscats, avellanats i inserci\u00f3 de perns i separadors, fet que converteix el nostre servei en una soluci\u00f3 integral per a peces met\u00e0l\u00b7liques complexes. Tot aix\u00f2 amb el suport d&#8217;un ampli assortiment de m\u00e9s de 400 matrius diferents, que ens permet adaptar-nos a qualsevol necessitat del client.[\/et_pb_text][et_pb_button button_url=&#8221;mailto:laser@goded.com&#8221; button_text=&#8221;Sol\u00b7licitar pressupost&#8221; button_alignment=&#8221;left&#8221; button_alignment_tablet=&#8221;left&#8221; button_alignment_phone=&#8221;left&#8221; button_alignment_last_edited=&#8221;on|tablet&#8221; disabled_on=&#8221;on|on|off&#8221; _builder_version=&#8221;4.27.4&#8243; _module_preset=&#8221;default&#8221; custom_button=&#8221;on&#8221; button_font=&#8221;|600|||||||&#8221; button_on_hover=&#8221;off&#8221; transform_translate_linked=&#8221;off&#8221; hover_enabled=&#8221;0&#8243; global_colors_info=&#8221;{}&#8221; transform_styles__hover_enabled=&#8221;on|desktop&#8221; transform_scale__hover_enabled=&#8221;on|desktop&#8221; transform_translate__hover_enabled=&#8221;on|desktop&#8221; transform_rotate__hover_enabled=&#8221;on|desktop&#8221; transform_skew__hover_enabled=&#8221;on|desktop&#8221; transform_origin__hover_enabled=&#8221;on|desktop&#8221; transform_translate__hover=&#8221;5px|0px&#8221; box_shadow_color__hover_enabled=&#8221;on|hover&#8221; box_shadow_color__hover=&#8221;rgba(0,0,0,0.3)&#8221; box_shadow_horizontal__hover_enabled=&#8221;on|hover&#8221; box_shadow_horizontal__hover=&#8221;-10px&#8221; box_shadow_vertical__hover_enabled=&#8221;on|desktop&#8221; box_shadow_vertical__hover=&#8221;5px&#8221; theme_builder_area=&#8221;post_content&#8221; sticky_enabled=&#8221;0&#8243;][\/et_pb_button][\/et_pb_column][et_pb_column type=&#8221;1_2&#8243; _builder_version=&#8221;4.27.4&#8243; _module_preset=&#8221;default&#8221; global_colors_info=&#8221;{}&#8221; theme_builder_area=&#8221;post_content&#8221;][et_pb_gallery gallery_ids=&#8221;1434,1435&#8243; fullwidth=&#8221;on&#8221; _builder_version=&#8221;4.27.4&#8243; _module_preset=&#8221;default&#8221; background_layout=&#8221;dark&#8221; auto=&#8221;on&#8221; hover_enabled=&#8221;0&#8243; border_radii=&#8221;on|10px|10px|10px|10px&#8221; global_colors_info=&#8221;{}&#8221; theme_builder_area=&#8221;post_content&#8221; sticky_enabled=&#8221;0&#8243;][\/et_pb_gallery][et_pb_image src=&#8221;https:\/\/www.goded.com\/wp-content\/uploads\/2025\/09\/ISO-oxicorte.jpg&#8221; align=&#8221;right&#8221; _builder_version=&#8221;4.27.4&#8243; _module_preset=&#8221;default&#8221; positioning=&#8221;absolute&#8221; position_origin_a=&#8221;top_right&#8221; vertical_offset=&#8221;10px&#8221; horizontal_offset=&#8221;10px&#8221; z_index=&#8221;1&#8243; width=&#8221;100%&#8221; width_tablet=&#8221;100%&#8221; width_phone=&#8221;15%&#8221; width_last_edited=&#8221;on|phone&#8221; border_radii=&#8221;on|10px|10px|10px|10px&#8221; global_colors_info=&#8221;{}&#8221; theme_builder_area=&#8221;post_content&#8221;][\/et_pb_image][et_pb_button button_url=&#8221;mailto:laser@goded.com&#8221; button_text=&#8221;Sol\u00b7licitar pressupost&#8221; button_alignment=&#8221;left&#8221; button_alignment_tablet=&#8221;left&#8221; button_alignment_phone=&#8221;left&#8221; button_alignment_last_edited=&#8221;on|tablet&#8221; disabled_on=&#8221;off|off|on&#8221; _builder_version=&#8221;4.27.4&#8243; _module_preset=&#8221;default&#8221; custom_button=&#8221;on&#8221; button_font=&#8221;|600|||||||&#8221; button_on_hover=&#8221;off&#8221; transform_translate_linked=&#8221;off&#8221; hover_enabled=&#8221;0&#8243; global_colors_info=&#8221;{}&#8221; transform_styles__hover_enabled=&#8221;on|desktop&#8221; transform_scale__hover_enabled=&#8221;on|desktop&#8221; transform_translate__hover_enabled=&#8221;on|desktop&#8221; transform_rotate__hover_enabled=&#8221;on|desktop&#8221; transform_skew__hover_enabled=&#8221;on|desktop&#8221; transform_origin__hover_enabled=&#8221;on|desktop&#8221; transform_translate__hover=&#8221;5px|0px&#8221; box_shadow_color__hover_enabled=&#8221;on|hover&#8221; box_shadow_color__hover=&#8221;rgba(0,0,0,0.3)&#8221; box_shadow_horizontal__hover_enabled=&#8221;on|hover&#8221; box_shadow_horizontal__hover=&#8221;-10px&#8221; box_shadow_vertical__hover_enabled=&#8221;on|desktop&#8221; box_shadow_vertical__hover=&#8221;5px&#8221; theme_builder_area=&#8221;post_content&#8221; sticky_enabled=&#8221;0&#8243;][\/et_pb_button][\/et_pb_column][\/et_pb_row][\/et_pb_section][et_pb_section fb_built=&#8221;1&#8243; disabled_on=&#8221;on|on|on&#8221; _builder_version=&#8221;4.27.4&#8243; _module_preset=&#8221;default&#8221; background_color=&#8221;#f7f7f7&#8243; disabled=&#8221;on&#8221; global_colors_info=&#8221;{}&#8221; theme_builder_area=&#8221;post_content&#8221;][et_pb_row column_structure=&#8221;1_2,1_2&#8243; module_class=&#8221;ov-fancy-hover&#8221; _builder_version=&#8221;4.27.4&#8243; _module_preset=&#8221;default&#8221; global_colors_info=&#8221;{}&#8221; theme_builder_area=&#8221;post_content&#8221;][et_pb_column type=&#8221;1_2&#8243; _builder_version=&#8221;4.27.4&#8243; _module_preset=&#8221;default&#8221; global_colors_info=&#8221;{}&#8221; theme_builder_area=&#8221;post_content&#8221;][et_pb_heading title=&#8221;Productivitat, versatilitat i efici\u00e8ncia a cada cop&#8221; _builder_version=&#8221;4.27.4&#8243; _module_preset=&#8221;default&#8221; title_level=&#8221;h2&#8243; title_font=&#8221;|||on|||||&#8221; title_text_color=&#8221;#aaaaaa&#8221; title_font_size=&#8221;15px&#8221; title_letter_spacing=&#8221;2px&#8221; title_line_height=&#8221;1.3em&#8221; custom_margin=&#8221;||5px||false|false&#8221; custom_padding=&#8221;5px||0px|10px|false|false&#8221; hover_enabled=&#8221;0&#8243; title_font_size_tablet=&#8221;15px&#8221; title_font_size_phone=&#8221;14px&#8221; title_font_size_last_edited=&#8221;on|phone&#8221; border_width_left=&#8221;2px&#8221; border_color_left=&#8221;gcid-primary-color&#8221; global_colors_info=&#8221;{%22gcid-primary-color%22:%91%22border_color_left%22%93}&#8221; theme_builder_area=&#8221;post_content&#8221; sticky_enabled=&#8221;0&#8243;][\/et_pb_heading][et_pb_heading title=&#8221;Qu\u00e8 \u00e9s el punxonat de metalls i quins s\u00f3n els seus avantatges&#8221; _builder_version=&#8221;4.27.4&#8243; _module_preset=&#8221;default&#8221; title_level=&#8221;h2&#8243; title_font_size=&#8221;29px&#8221; title_line_height=&#8221;1.2em&#8221; custom_margin=&#8221;||25px|||&#8221; hover_enabled=&#8221;0&#8243; title_font_size_tablet=&#8221;27px&#8221; title_font_size_phone=&#8221;25px&#8221; title_font_size_last_edited=&#8221;on|phone&#8221; global_colors_info=&#8221;{}&#8221; theme_builder_area=&#8221;post_content&#8221; sticky_enabled=&#8221;0&#8243;][\/et_pb_heading][et_pb_text _builder_version=&#8221;4.27.4&#8243; _module_preset=&#8221;default&#8221; hover_enabled=&#8221;0&#8243; global_colors_info=&#8221;{}&#8221; theme_builder_area=&#8221;post_content&#8221; sticky_enabled=&#8221;0&#8243;]El punxonat de metalls \u00e9s un proc\u00e9s de fabricaci\u00f3 en fred que, mitjan\u00e7ant una matriu i un punx\u00f3, permet perforar, tallar o marcar la xapa met\u00e0l\u00b7lica amb gran precisi\u00f3. \u00c9s una t\u00e8cnica ideal per a produccions en s\u00e8rie, ja que combina alta velocitat i repetitivitat sense perdre qualitat als acabats. <\/p>\n<p>A Grupo Goded, integrem aquesta tecnologia amb processos addicionals de mecanitzat i assemblatge, cosa que ens permet oferir peces llistes per al seu \u00fas, reduint passos intermedis i optimitzant temps de lliurament.[\/et_pb_text][\/et_pb_column][et_pb_column type=&#8221;1_2&#8243; _builder_version=&#8221;4.27.4&#8243; _module_preset=&#8221;default&#8221; global_colors_info=&#8221;{}&#8221; theme_builder_area=&#8221;post_content&#8221;][et_pb_blurb title=&#8221;Alta velocitat de producci\u00f3&#8221; use_icon=&#8221;on&#8221; font_icon=&#8221;&#xe052;||divi||400&#8243; icon_placement=&#8221;left&#8221; image_icon_width=&#8221;25px&#8221; content_max_width=&#8221;1100px&#8221; _builder_version=&#8221;4.27.4&#8243; _module_preset=&#8221;default&#8221; custom_margin=&#8221;||20px||false|false&#8221; hover_enabled=&#8221;0&#8243; locked=&#8221;off&#8221; global_colors_info=&#8221;{}&#8221; theme_builder_area=&#8221;post_content&#8221; sticky_enabled=&#8221;0&#8243;]<\/p>\n<p>Fins a 1.000 cops per minut.<\/p>\n<p>[\/et_pb_blurb][et_pb_blurb title=&#8221;\u00c0mplia varietat de formes&#8221; use_icon=&#8221;on&#8221; font_icon=&#8221;&#xe052;||divi||400&#8243; icon_placement=&#8221;left&#8221; image_icon_width=&#8221;25px&#8221; content_max_width=&#8221;1100px&#8221; _builder_version=&#8221;4.27.4&#8243; _module_preset=&#8221;default&#8221; custom_margin=&#8221;||20px||false|false&#8221; hover_enabled=&#8221;0&#8243; locked=&#8221;off&#8221; global_colors_info=&#8221;{}&#8221; theme_builder_area=&#8221;post_content&#8221; sticky_enabled=&#8221;0&#8243;]<\/p>\n<p>M\u00e9s de 400 matrius disponibles.<\/p>\n<p>[\/et_pb_blurb][et_pb_blurb title=&#8221;Grans formats&#8221; use_icon=&#8221;on&#8221; font_icon=&#8221;&#xe052;||divi||400&#8243; icon_placement=&#8221;left&#8221; image_icon_width=&#8221;25px&#8221; content_max_width=&#8221;1100px&#8221; _builder_version=&#8221;4.27.4&#8243; _module_preset=&#8221;default&#8221; custom_margin=&#8221;||20px||false|false&#8221; hover_enabled=&#8221;0&#8243; locked=&#8221;off&#8221; global_colors_info=&#8221;{}&#8221; theme_builder_area=&#8221;post_content&#8221; sticky_enabled=&#8221;0&#8243;]<\/p>\n<p>Xapes de fins a 2.500 x 1.250 mm sense reposici\u00f3.<\/p>\n<p>[\/et_pb_blurb][et_pb_blurb title=&#8221;Processos combinats&#8221; use_icon=&#8221;on&#8221; font_icon=&#8221;&#xe052;||divi||400&#8243; icon_placement=&#8221;left&#8221; image_icon_width=&#8221;25px&#8221; content_max_width=&#8221;1100px&#8221; _builder_version=&#8221;4.27.4&#8243; _module_preset=&#8221;default&#8221; custom_margin=&#8221;||20px||false|false&#8221; hover_enabled=&#8221;0&#8243; locked=&#8221;off&#8221; global_colors_info=&#8221;{}&#8221; theme_builder_area=&#8221;post_content&#8221; sticky_enabled=&#8221;0&#8243;]<\/p>\n<p>Roscat, avellanat i inserci\u00f3 en una sola l\u00ednia.<\/p>\n<p>[\/et_pb_blurb][et_pb_blurb title=&#8221;Precisi\u00f3 en s\u00e8rie&#8221; use_icon=&#8221;on&#8221; font_icon=&#8221;&#xe052;||divi||400&#8243; icon_placement=&#8221;left&#8221; image_icon_width=&#8221;25px&#8221; content_max_width=&#8221;1100px&#8221; _builder_version=&#8221;4.27.4&#8243; _module_preset=&#8221;default&#8221; custom_margin=&#8221;||20px||false|false&#8221; hover_enabled=&#8221;0&#8243; locked=&#8221;off&#8221; global_colors_info=&#8221;{}&#8221; theme_builder_area=&#8221;post_content&#8221; sticky_enabled=&#8221;0&#8243;]<\/p>\n<p>Qualitat consistent en grans volums.<\/p>\n<p>[\/et_pb_blurb][\/et_pb_column][\/et_pb_row][\/et_pb_section][et_pb_section fb_built=&#8221;1&#8243; _builder_version=&#8221;4.27.4&#8243; _module_preset=&#8221;default&#8221; background_color=&#8221;#e5e5e5&#8243; global_colors_info=&#8221;{}&#8221; theme_builder_area=&#8221;post_content&#8221;][et_pb_row column_structure=&#8221;3_4,1_4&#8243; make_equal=&#8221;on&#8221; _builder_version=&#8221;4.27.4&#8243; _module_preset=&#8221;default&#8221; custom_css_main_element=&#8221;align-items:center;&#8221; global_colors_info=&#8221;{}&#8221; theme_builder_area=&#8221;post_content&#8221;][et_pb_column type=&#8221;3_4&#8243; _builder_version=&#8221;4.27.4&#8243; _module_preset=&#8221;default&#8221; global_colors_info=&#8221;{}&#8221; theme_builder_area=&#8221;post_content&#8221;][et_pb_heading title=&#8221;Demana pressupost de punxonat de metalls&#8221; _builder_version=&#8221;4.27.4&#8243; _module_preset=&#8221;default&#8221; title_level=&#8221;h2&#8243; title_font_size=&#8221;29px&#8221; title_line_height=&#8221;1.2em&#8221; custom_margin=&#8221;||8px|||&#8221; hover_enabled=&#8221;0&#8243; title_font_size_tablet=&#8221;27px&#8221; title_font_size_phone=&#8221;24px&#8221; title_font_size_last_edited=&#8221;on|tablet&#8221; global_colors_info=&#8221;{}&#8221; theme_builder_area=&#8221;post_content&#8221; sticky_enabled=&#8221;0&#8243;][\/et_pb_heading][et_pb_text _builder_version=&#8221;4.27.4&#8243; _module_preset=&#8221;default&#8221; text_font=&#8221;|600|||||||&#8221; text_font_size=&#8221;17px&#8221; hover_enabled=&#8221;0&#8243; global_colors_info=&#8221;{}&#8221; theme_builder_area=&#8221;post_content&#8221; sticky_enabled=&#8221;0&#8243;]A Grupo Goded posem a la teva disposici\u00f3 punxonadores d&#8217;\u00faltima tecnologia i un equip expert que assegura resultats impecables a cada projecte. Si necessites peces punxonades amb rapidesa, precisi\u00f3 i al millor cost, contacta&#8217;ns i t&#8217;assessorarem sense comprom\u00eds.[\/et_pb_text][\/et_pb_column][et_pb_column type=&#8221;1_4&#8243; _builder_version=&#8221;4.27.4&#8243; _module_preset=&#8221;default&#8221; global_colors_info=&#8221;{}&#8221; theme_builder_area=&#8221;post_content&#8221;][et_pb_button button_url=&#8221;https:\/\/www.goded.com\/ca\/contacte&#8221; button_text=&#8221;Contactar&#8221; button_alignment=&#8221;right&#8221; button_alignment_tablet=&#8221;left&#8221; button_alignment_phone=&#8221;left&#8221; button_alignment_last_edited=&#8221;on|phone&#8221; _builder_version=&#8221;4.27.4&#8243; _module_preset=&#8221;default&#8221; custom_button=&#8221;on&#8221; button_font=&#8221;|600|||||||&#8221; button_on_hover=&#8221;off&#8221; transform_translate_linked=&#8221;off&#8221; global_colors_info=&#8221;{}&#8221; transform_styles__hover_enabled=&#8221;on|desktop&#8221; transform_scale__hover_enabled=&#8221;on|desktop&#8221; transform_translate__hover_enabled=&#8221;on|desktop&#8221; transform_rotate__hover_enabled=&#8221;on|desktop&#8221; transform_skew__hover_enabled=&#8221;on|desktop&#8221; transform_origin__hover_enabled=&#8221;on|desktop&#8221; transform_translate__hover=&#8221;5px|0px&#8221; box_shadow_color__hover_enabled=&#8221;on|hover&#8221; box_shadow_color__hover=&#8221;rgba(0,0,0,0.3)&#8221; box_shadow_horizontal__hover_enabled=&#8221;on|hover&#8221; box_shadow_horizontal__hover=&#8221;-10px&#8221; box_shadow_vertical__hover_enabled=&#8221;on|desktop&#8221; box_shadow_vertical__hover=&#8221;5px&#8221; theme_builder_area=&#8221;post_content&#8221;][\/et_pb_button][\/et_pb_column][\/et_pb_row][\/et_pb_section]<\/p>\n","protected":false},"excerpt":{"rendered":"<p>A Grupo Goded comptem amb 2 punxonadores d&#8217;\u00faltima generaci\u00f3 capaces de treballar formats de fins a 2.500 x 1.250 mm sense reposici\u00f3, aconseguint velocitats de fins a 1.000 cops per minut. Aquesta tecnologia ens permet fer peces de manera \u00e0gil, precisa i amb una enorme varietat de formes i acabats. A m\u00e9s de punxonat, oferim [&hellip;]<\/p>\n","protected":false},"author":1,"featured_media":1082,"parent":0,"menu_order":0,"comment_status":"closed","ping_status":"closed","template":"","meta":{"_et_pb_use_builder":"on","_et_pb_old_content":"","_et_gb_content_width":"","footnotes":""},"class_list":["post-1436","page","type-page","status-publish","has-post-thumbnail","hentry"],"yoast_head":"<!-- This site is optimized with the Yoast SEO Premium plugin v22.4 (Yoast SEO v26.3) - https:\/\/yoast.com\/wordpress\/plugins\/seo\/ -->\n<title>Punxonament de metalls | Punxonadora combinada | Grupo Goded<\/title>\n<meta name=\"description\" content=\"Comptem amb 2 punxonadores capaces de treballar formats de fins a 2.500 x 1.250 mm i aconseguint velocitats de fins a 1.000 cops per minut\" \/>\n<meta name=\"robots\" content=\"index, follow, max-snippet:-1, max-image-preview:large, max-video-preview:-1\" \/>\n<link rel=\"canonical\" href=\"https:\/\/www.goded.com\/ca\/punxonadora-combi\/\" \/>\n<meta property=\"og:locale\" content=\"ca_ES\" \/>\n<meta property=\"og:type\" content=\"article\" \/>\n<meta property=\"og:title\" content=\"Punxonadora combi\" \/>\n<meta property=\"og:description\" content=\"Comptem amb 2 punxonadores capaces de treballar formats de fins a 2.500 x 1.250 mm i aconseguint velocitats de fins a 1.000 cops per minut\" \/>\n<meta property=\"og:url\" content=\"https:\/\/www.goded.com\/ca\/punxonadora-combi\/\" \/>\n<meta property=\"og:site_name\" content=\"Grupo Goded\" \/>\n<meta property=\"article:modified_time\" content=\"2025-11-05T16:06:51+00:00\" \/>\n<meta property=\"og:image\" content=\"https:\/\/www.goded.com\/wp-content\/uploads\/2025\/09\/servicio-punzonado-grupo-goded.webp\" \/>\n\t<meta property=\"og:image:width\" content=\"400\" \/>\n\t<meta property=\"og:image:height\" content=\"517\" \/>\n\t<meta property=\"og:image:type\" content=\"image\/webp\" \/>\n<meta name=\"twitter:card\" content=\"summary_large_image\" \/>\n<meta name=\"twitter:label1\" content=\"Temps estimat de lectura\" \/>\n\t<meta name=\"twitter:data1\" content=\"9 minuts\" \/>\n<script type=\"application\/ld+json\" class=\"yoast-schema-graph\">{\"@context\":\"https:\/\/schema.org\",\"@graph\":[{\"@type\":\"WebPage\",\"@id\":\"https:\/\/www.goded.com\/ca\/punxonadora-combi\/\",\"url\":\"https:\/\/www.goded.com\/ca\/punxonadora-combi\/\",\"name\":\"Punxonament de metalls | Punxonadora combinada | Grupo Goded\",\"isPartOf\":{\"@id\":\"https:\/\/www.goded.com\/ca\/#website\"},\"primaryImageOfPage\":{\"@id\":\"https:\/\/www.goded.com\/ca\/punxonadora-combi\/#primaryimage\"},\"image\":{\"@id\":\"https:\/\/www.goded.com\/ca\/punxonadora-combi\/#primaryimage\"},\"thumbnailUrl\":\"https:\/\/www.goded.com\/wp-content\/uploads\/2025\/09\/servicio-punzonado-grupo-goded.webp\",\"datePublished\":\"2025-09-16T17:23:53+00:00\",\"dateModified\":\"2025-11-05T16:06:51+00:00\",\"description\":\"Comptem amb 2 punxonadores capaces de treballar formats de fins a 2.500 x 1.250 mm i aconseguint velocitats de fins a 1.000 cops per minut\",\"breadcrumb\":{\"@id\":\"https:\/\/www.goded.com\/ca\/punxonadora-combi\/#breadcrumb\"},\"inLanguage\":\"ca\",\"potentialAction\":[{\"@type\":\"ReadAction\",\"target\":[\"https:\/\/www.goded.com\/ca\/punxonadora-combi\/\"]}]},{\"@type\":\"ImageObject\",\"inLanguage\":\"ca\",\"@id\":\"https:\/\/www.goded.com\/ca\/punxonadora-combi\/#primaryimage\",\"url\":\"https:\/\/www.goded.com\/wp-content\/uploads\/2025\/09\/servicio-punzonado-grupo-goded.webp\",\"contentUrl\":\"https:\/\/www.goded.com\/wp-content\/uploads\/2025\/09\/servicio-punzonado-grupo-goded.webp\",\"width\":400,\"height\":517,\"caption\":\"Punxonadora combi | Servei Grupo Goded\"},{\"@type\":\"BreadcrumbList\",\"@id\":\"https:\/\/www.goded.com\/ca\/punxonadora-combi\/#breadcrumb\",\"itemListElement\":[{\"@type\":\"ListItem\",\"position\":1,\"name\":\"Portada\",\"item\":\"https:\/\/www.goded.com\/ca\/grupo-goded\/\"},{\"@type\":\"ListItem\",\"position\":2,\"name\":\"Punxonadora combi\"}]},{\"@type\":\"WebSite\",\"@id\":\"https:\/\/www.goded.com\/ca\/#website\",\"url\":\"https:\/\/www.goded.com\/ca\/\",\"name\":\"Grupo Goded\",\"description\":\"Empresa Metal\u00fargica en Barcelona\",\"potentialAction\":[{\"@type\":\"SearchAction\",\"target\":{\"@type\":\"EntryPoint\",\"urlTemplate\":\"https:\/\/www.goded.com\/ca\/?s={search_term_string}\"},\"query-input\":{\"@type\":\"PropertyValueSpecification\",\"valueRequired\":true,\"valueName\":\"search_term_string\"}}],\"inLanguage\":\"ca\"}]}<\/script>\n<!-- \/ Yoast SEO Premium plugin. -->","yoast_head_json":{"title":"Punxonament de metalls | Punxonadora combinada | Grupo Goded","description":"Comptem amb 2 punxonadores capaces de treballar formats de fins a 2.500 x 1.250 mm i aconseguint velocitats de fins a 1.000 cops per minut","robots":{"index":"index","follow":"follow","max-snippet":"max-snippet:-1","max-image-preview":"max-image-preview:large","max-video-preview":"max-video-preview:-1"},"canonical":"https:\/\/www.goded.com\/ca\/punxonadora-combi\/","og_locale":"ca_ES","og_type":"article","og_title":"Punxonadora combi","og_description":"Comptem amb 2 punxonadores capaces de treballar formats de fins a 2.500 x 1.250 mm i aconseguint velocitats de fins a 1.000 cops per minut","og_url":"https:\/\/www.goded.com\/ca\/punxonadora-combi\/","og_site_name":"Grupo Goded","article_modified_time":"2025-11-05T16:06:51+00:00","og_image":[{"width":400,"height":517,"url":"https:\/\/www.goded.com\/wp-content\/uploads\/2025\/09\/servicio-punzonado-grupo-goded.webp","type":"image\/webp"}],"twitter_card":"summary_large_image","twitter_misc":{"Temps estimat de lectura":"9 minuts"},"schema":{"@context":"https:\/\/schema.org","@graph":[{"@type":"WebPage","@id":"https:\/\/www.goded.com\/ca\/punxonadora-combi\/","url":"https:\/\/www.goded.com\/ca\/punxonadora-combi\/","name":"Punxonament de metalls | Punxonadora combinada | Grupo Goded","isPartOf":{"@id":"https:\/\/www.goded.com\/ca\/#website"},"primaryImageOfPage":{"@id":"https:\/\/www.goded.com\/ca\/punxonadora-combi\/#primaryimage"},"image":{"@id":"https:\/\/www.goded.com\/ca\/punxonadora-combi\/#primaryimage"},"thumbnailUrl":"https:\/\/www.goded.com\/wp-content\/uploads\/2025\/09\/servicio-punzonado-grupo-goded.webp","datePublished":"2025-09-16T17:23:53+00:00","dateModified":"2025-11-05T16:06:51+00:00","description":"Comptem amb 2 punxonadores capaces de treballar formats de fins a 2.500 x 1.250 mm i aconseguint velocitats de fins a 1.000 cops per minut","breadcrumb":{"@id":"https:\/\/www.goded.com\/ca\/punxonadora-combi\/#breadcrumb"},"inLanguage":"ca","potentialAction":[{"@type":"ReadAction","target":["https:\/\/www.goded.com\/ca\/punxonadora-combi\/"]}]},{"@type":"ImageObject","inLanguage":"ca","@id":"https:\/\/www.goded.com\/ca\/punxonadora-combi\/#primaryimage","url":"https:\/\/www.goded.com\/wp-content\/uploads\/2025\/09\/servicio-punzonado-grupo-goded.webp","contentUrl":"https:\/\/www.goded.com\/wp-content\/uploads\/2025\/09\/servicio-punzonado-grupo-goded.webp","width":400,"height":517,"caption":"Punxonadora combi | Servei Grupo Goded"},{"@type":"BreadcrumbList","@id":"https:\/\/www.goded.com\/ca\/punxonadora-combi\/#breadcrumb","itemListElement":[{"@type":"ListItem","position":1,"name":"Portada","item":"https:\/\/www.goded.com\/ca\/grupo-goded\/"},{"@type":"ListItem","position":2,"name":"Punxonadora combi"}]},{"@type":"WebSite","@id":"https:\/\/www.goded.com\/ca\/#website","url":"https:\/\/www.goded.com\/ca\/","name":"Grupo Goded","description":"Empresa Metal\u00fargica en Barcelona","potentialAction":[{"@type":"SearchAction","target":{"@type":"EntryPoint","urlTemplate":"https:\/\/www.goded.com\/ca\/?s={search_term_string}"},"query-input":{"@type":"PropertyValueSpecification","valueRequired":true,"valueName":"search_term_string"}}],"inLanguage":"ca"}]}},"_links":{"self":[{"href":"https:\/\/www.goded.com\/ca\/wp-json\/wp\/v2\/pages\/1436","targetHints":{"allow":["GET"]}}],"collection":[{"href":"https:\/\/www.goded.com\/ca\/wp-json\/wp\/v2\/pages"}],"about":[{"href":"https:\/\/www.goded.com\/ca\/wp-json\/wp\/v2\/types\/page"}],"author":[{"embeddable":true,"href":"https:\/\/www.goded.com\/ca\/wp-json\/wp\/v2\/users\/1"}],"replies":[{"embeddable":true,"href":"https:\/\/www.goded.com\/ca\/wp-json\/wp\/v2\/comments?post=1436"}],"version-history":[{"count":5,"href":"https:\/\/www.goded.com\/ca\/wp-json\/wp\/v2\/pages\/1436\/revisions"}],"predecessor-version":[{"id":1441,"href":"https:\/\/www.goded.com\/ca\/wp-json\/wp\/v2\/pages\/1436\/revisions\/1441"}],"wp:featuredmedia":[{"embeddable":true,"href":"https:\/\/www.goded.com\/ca\/wp-json\/wp\/v2\/media\/1082"}],"wp:attachment":[{"href":"https:\/\/www.goded.com\/ca\/wp-json\/wp\/v2\/media?parent=1436"}],"curies":[{"name":"wp","href":"https:\/\/api.w.org\/{rel}","templated":true}]}}