{"id":1372,"date":"2025-09-12T18:04:53","date_gmt":"2025-09-12T16:04:53","guid":{"rendered":"https:\/\/www.goded.com\/soldadura-robotitzada\/"},"modified":"2025-11-05T16:03:12","modified_gmt":"2025-11-05T15:03:12","slug":"soldadura-robotitzada","status":"publish","type":"page","link":"https:\/\/www.goded.com\/ca\/soldadura-robotitzada\/","title":{"rendered":"Soldadura robotitzada"},"content":{"rendered":"<p>[et_pb_section fb_built=&#8221;1&#8243; _builder_version=&#8221;4.27.4&#8243; _module_preset=&#8221;default&#8221; global_colors_info=&#8221;{}&#8221;][et_pb_row column_structure=&#8221;1_2,1_2&#8243; _builder_version=&#8221;4.27.4&#8243; _module_preset=&#8221;default&#8221; global_colors_info=&#8221;{}&#8221;][et_pb_column type=&#8221;1_2&#8243; _builder_version=&#8221;4.27.4&#8243; _module_preset=&#8221;default&#8221; global_colors_info=&#8221;{}&#8221;][et_pb_heading title=&#8221;Tecnologia automatitzada per a conjunts met\u00e0l\u00b7lics&#8221; _builder_version=&#8221;4.27.4&#8243; _module_preset=&#8221;default&#8221; title_level=&#8221;h2&#8243; title_font=&#8221;|||on|||||&#8221; title_text_color=&#8221;#aaaaaa&#8221; title_font_size=&#8221;15px&#8221; title_letter_spacing=&#8221;2px&#8221; title_line_height=&#8221;1.3em&#8221; custom_margin=&#8221;||5px||false|false&#8221; custom_padding=&#8221;5px||0px|10px|false|false&#8221; title_font_size_tablet=&#8221;15px&#8221; title_font_size_phone=&#8221;14px&#8221; title_font_size_last_edited=&#8221;on|phone&#8221; border_width_left=&#8221;2px&#8221; border_color_left=&#8221;gcid-primary-color&#8221; global_colors_info=&#8221;{%22gcid-primary-color%22:%91%22border_color_left%22%93}&#8221;][\/et_pb_heading][et_pb_heading title=&#8221;Soldadura robotitzada&#8221; _builder_version=&#8221;4.27.4&#8243; _module_preset=&#8221;default&#8221; title_font_size=&#8221;33px&#8221; title_line_height=&#8221;1.2em&#8221; custom_margin=&#8221;||25px|||&#8221; title_font_size_tablet=&#8221;30px&#8221; title_font_size_phone=&#8221;27px&#8221; title_font_size_last_edited=&#8221;on|desktop&#8221; global_colors_info=&#8221;{}&#8221;][\/et_pb_heading][et_pb_text _builder_version=&#8221;4.27.4&#8243; _module_preset=&#8221;default&#8221; hover_enabled=&#8221;0&#8243; global_colors_info=&#8221;{}&#8221; sticky_enabled=&#8221;0&#8243;]<\/p>\n<p>A Grupo Goded comptem amb 5 c\u00e8l\u00b7lules de soldadura robotitzada equipades amb doble camp de treball i dues bancades de fins a 4 metres, la qual cosa permet optimitzar els temps de preparaci\u00f3 i soldadura. Gr\u00e0cies a aquesta tecnologia, assegurem una producci\u00f3 m\u00e9s r\u00e0pida, segura i precisa en tota mena de projectes de mecano-soldadura. <\/p>\n<p>El nostre servei combina innovaci\u00f3 tecnol\u00f2gica amb un equip expert en disseny, enginyeria i control de qualitat. Desenvolupem i fabriquem utillatges de soldadura espec\u00edfics per a cada projecte, garantint resultats consistents, repetitius i adaptats als requisits m\u00e9s exigents de la ind\u00fastria. <\/p>\n<p>[\/et_pb_text][et_pb_button button_url=&#8221;mailto:laser@goded.es&#8221; button_text=&#8221;Sol\u00b7licitar pressupost&#8221; button_alignment=&#8221;left&#8221; button_alignment_tablet=&#8221;left&#8221; button_alignment_phone=&#8221;left&#8221; button_alignment_last_edited=&#8221;on|tablet&#8221; disabled_on=&#8221;on|on|off&#8221; _builder_version=&#8221;4.27.4&#8243; _module_preset=&#8221;default&#8221; custom_button=&#8221;on&#8221; button_font=&#8221;|600|||||||&#8221; button_on_hover=&#8221;off&#8221; transform_translate_linked=&#8221;off&#8221; global_colors_info=&#8221;{}&#8221; transform_styles__hover_enabled=&#8221;on|desktop&#8221; transform_scale__hover_enabled=&#8221;on|desktop&#8221; transform_translate__hover_enabled=&#8221;on|desktop&#8221; transform_rotate__hover_enabled=&#8221;on|desktop&#8221; transform_skew__hover_enabled=&#8221;on|desktop&#8221; transform_origin__hover_enabled=&#8221;on|desktop&#8221; transform_translate__hover=&#8221;5px|0px&#8221; box_shadow_color__hover_enabled=&#8221;on|hover&#8221; box_shadow_color__hover=&#8221;rgba(0,0,0,0.3)&#8221; box_shadow_horizontal__hover_enabled=&#8221;on|hover&#8221; box_shadow_horizontal__hover=&#8221;-10px&#8221; box_shadow_vertical__hover_enabled=&#8221;on|desktop&#8221; box_shadow_vertical__hover=&#8221;5px&#8221;][\/et_pb_button][\/et_pb_column][et_pb_column type=&#8221;1_2&#8243; _builder_version=&#8221;4.27.4&#8243; _module_preset=&#8221;default&#8221; global_colors_info=&#8221;{}&#8221;][et_pb_gallery gallery_ids=&#8221;1360,1361,1362,1363,1364,1365,1366,1367,1368,1369,1370,1371&#8243; fullwidth=&#8221;on&#8221; _builder_version=&#8221;4.27.4&#8243; _module_preset=&#8221;default&#8221; background_layout=&#8221;dark&#8221; auto=&#8221;on&#8221; border_radii=&#8221;on|10px|10px|10px|10px&#8221; global_colors_info=&#8221;{}&#8221;][\/et_pb_gallery][et_pb_button button_url=&#8221;mailto:laser@goded.es&#8221; button_text=&#8221;Sol\u00b7licitar pressupost&#8221; button_alignment=&#8221;left&#8221; button_alignment_tablet=&#8221;left&#8221; button_alignment_phone=&#8221;left&#8221; button_alignment_last_edited=&#8221;on|tablet&#8221; disabled_on=&#8221;off|off|on&#8221; _builder_version=&#8221;4.27.4&#8243; _module_preset=&#8221;default&#8221; custom_button=&#8221;on&#8221; button_font=&#8221;|600|||||||&#8221; button_on_hover=&#8221;off&#8221; transform_translate_linked=&#8221;off&#8221; global_colors_info=&#8221;{}&#8221; transform_styles__hover_enabled=&#8221;on|desktop&#8221; transform_scale__hover_enabled=&#8221;on|desktop&#8221; transform_translate__hover_enabled=&#8221;on|desktop&#8221; transform_rotate__hover_enabled=&#8221;on|desktop&#8221; transform_skew__hover_enabled=&#8221;on|desktop&#8221; transform_origin__hover_enabled=&#8221;on|desktop&#8221; transform_translate__hover=&#8221;5px|0px&#8221; box_shadow_color__hover_enabled=&#8221;on|hover&#8221; box_shadow_color__hover=&#8221;rgba(0,0,0,0.3)&#8221; box_shadow_horizontal__hover_enabled=&#8221;on|hover&#8221; box_shadow_horizontal__hover=&#8221;-10px&#8221; box_shadow_vertical__hover_enabled=&#8221;on|desktop&#8221; box_shadow_vertical__hover=&#8221;5px&#8221;][\/et_pb_button][\/et_pb_column][\/et_pb_row][\/et_pb_section][et_pb_section fb_built=&#8221;1&#8243; disabled_on=&#8221;on|on|on&#8221; _builder_version=&#8221;4.27.4&#8243; _module_preset=&#8221;default&#8221; background_color=&#8221;#f7f7f7&#8243; disabled=&#8221;on&#8221; global_colors_info=&#8221;{}&#8221;][et_pb_row column_structure=&#8221;1_2,1_2&#8243; module_class=&#8221;ov-fancy-hover&#8221; _builder_version=&#8221;4.27.4&#8243; _module_preset=&#8221;default&#8221; global_colors_info=&#8221;{}&#8221;][et_pb_column type=&#8221;1_2&#8243; _builder_version=&#8221;4.27.4&#8243; _module_preset=&#8221;default&#8221; global_colors_info=&#8221;{}&#8221;][et_pb_heading title=&#8221;Automatitzaci\u00f3 per a precisi\u00f3, efici\u00e8ncia i qualitat&#8221; _builder_version=&#8221;4.27.4&#8243; _module_preset=&#8221;default&#8221; title_level=&#8221;h2&#8243; title_font=&#8221;|||on|||||&#8221; title_text_color=&#8221;#aaaaaa&#8221; title_font_size=&#8221;15px&#8221; title_letter_spacing=&#8221;2px&#8221; title_line_height=&#8221;1.3em&#8221; custom_margin=&#8221;||5px||false|false&#8221; custom_padding=&#8221;5px||0px|10px|false|false&#8221; title_font_size_tablet=&#8221;15px&#8221; title_font_size_phone=&#8221;14px&#8221; title_font_size_last_edited=&#8221;on|phone&#8221; border_width_left=&#8221;2px&#8221; border_color_left=&#8221;gcid-primary-color&#8221; global_colors_info=&#8221;{%22gcid-primary-color%22:%91%22border_color_left%22%93}&#8221;][\/et_pb_heading][et_pb_heading title=&#8221;Qu\u00e8 \u00e9s la soldadura robotitzada i quins s\u00f3n els seus avantatges&#8221; _builder_version=&#8221;4.27.4&#8243; _module_preset=&#8221;default&#8221; title_level=&#8221;h2&#8243; title_font_size=&#8221;29px&#8221; title_line_height=&#8221;1.2em&#8221; custom_margin=&#8221;||25px|||&#8221; title_font_size_tablet=&#8221;27px&#8221; title_font_size_phone=&#8221;25px&#8221; title_font_size_last_edited=&#8221;on|phone&#8221; global_colors_info=&#8221;{}&#8221;][\/et_pb_heading][et_pb_text _builder_version=&#8221;4.27.4&#8243; _module_preset=&#8221;default&#8221; global_colors_info=&#8221;{}&#8221;]La soldadura robotitzada consisteix en l&#8217;\u00fas de robots programats per fer unions met\u00e0l\u00b7liques amb gran exactitud, eliminant els errors propis del treball manual i garantint una qualitat constant a cada pe\u00e7a.<br \/>A Grupo Goded hem incorporat l&#8217;\u00faltima tecnologia en mesurament i control, com els equips Faro per a verificaci\u00f3 de cotes cr\u00edtiques, cosa que ens permet complir amb toler\u00e0ncies ajustades i assegurar la m\u00e0xima fiabilitat en sectors que requereixen alts est\u00e0ndards de seguretat i durabilitat.[\/et_pb_text][\/et_pb_column][et_pb_column type=&#8221;1_2&#8243; _builder_version=&#8221;4.27.4&#8243; _module_preset=&#8221;default&#8221; global_colors_info=&#8221;{}&#8221;][et_pb_blurb title=&#8221;Producci\u00f3 eficient&#8221; use_icon=&#8221;on&#8221; font_icon=&#8221;&#xe052;||divi||400&#8243; icon_placement=&#8221;left&#8221; image_icon_width=&#8221;25px&#8221; content_max_width=&#8221;1100px&#8221; _builder_version=&#8221;4.27.4&#8243; _module_preset=&#8221;default&#8221; custom_margin=&#8221;||20px||false|false&#8221; locked=&#8221;off&#8221; global_colors_info=&#8221;{}&#8221;]<\/p>\n<p>Menor temps de preparaci\u00f3 i m\u00e9s productivitat.<\/p>\n<p>[\/et_pb_blurb][et_pb_blurb title=&#8221;Repetitivitat garantida&#8221; use_icon=&#8221;on&#8221; font_icon=&#8221;&#xe052;||divi||400&#8243; icon_placement=&#8221;left&#8221; image_icon_width=&#8221;25px&#8221; content_max_width=&#8221;1100px&#8221; _builder_version=&#8221;4.27.4&#8243; _module_preset=&#8221;default&#8221; custom_margin=&#8221;||20px||false|false&#8221; locked=&#8221;off&#8221; global_colors_info=&#8221;{}&#8221;]<\/p>\n<p>Cada uni\u00f3 amb la mateixa qualitat i precisi\u00f3.<\/p>\n<p>[\/et_pb_blurb][et_pb_blurb title=&#8221;Flexibilitat&#8221; use_icon=&#8221;on&#8221; font_icon=&#8221;&#xe052;||divi||400&#8243; icon_placement=&#8221;left&#8221; image_icon_width=&#8221;25px&#8221; content_max_width=&#8221;1100px&#8221; _builder_version=&#8221;4.27.4&#8243; _module_preset=&#8221;default&#8221; custom_margin=&#8221;||20px||false|false&#8221; locked=&#8221;off&#8221; global_colors_info=&#8221;{}&#8221;]<\/p>\n<p>Soldadura de conjunts complexos de mecano-soldadura.<\/p>\n<p>[\/et_pb_blurb][et_pb_blurb title=&#8221;Control de qualitat avan\u00e7at&#8221; use_icon=&#8221;on&#8221; font_icon=&#8221;&#xe052;||divi||400&#8243; icon_placement=&#8221;left&#8221; image_icon_width=&#8221;25px&#8221; content_max_width=&#8221;1100px&#8221; _builder_version=&#8221;4.27.4&#8243; _module_preset=&#8221;default&#8221; custom_margin=&#8221;||20px||false|false&#8221; locked=&#8221;off&#8221; global_colors_info=&#8221;{}&#8221;]<\/p>\n<p>Mesura de cotes cr\u00edtiques amb equips Faro.<\/p>\n<p>[\/et_pb_blurb][et_pb_blurb title=&#8221;Enginyeria d&#039;utillatges pr\u00f2pia&#8221; use_icon=&#8221;on&#8221; font_icon=&#8221;&#xe052;||divi||400&#8243; icon_placement=&#8221;left&#8221; image_icon_width=&#8221;25px&#8221; content_max_width=&#8221;1100px&#8221; _builder_version=&#8221;4.27.4&#8243; _module_preset=&#8221;default&#8221; custom_margin=&#8221;||20px||false|false&#8221; locked=&#8221;off&#8221; global_colors_info=&#8221;{}&#8221;]<\/p>\n<p>Optimitzaci\u00f3 del proc\u00e9s segons cada projecte.<\/p>\n<p>[\/et_pb_blurb][\/et_pb_column][\/et_pb_row][\/et_pb_section][et_pb_section fb_built=&#8221;1&#8243; _builder_version=&#8221;4.27.4&#8243; _module_preset=&#8221;default&#8221; global_colors_info=&#8221;{}&#8221;][et_pb_row column_structure=&#8221;1_2,1_2&#8243; _builder_version=&#8221;4.27.4&#8243; _module_preset=&#8221;default&#8221; custom_css_main_element=&#8221;align-items:center;&#8221; global_colors_info=&#8221;{}&#8221;][et_pb_column type=&#8221;1_2&#8243; _builder_version=&#8221;4.27.4&#8243; _module_preset=&#8221;default&#8221; global_colors_info=&#8221;{}&#8221;][et_pb_video src=&#8221;https:\/\/youtu.be\/LKrW1gUdmgM?si=8p6Q0rh54sh_CF1l&#8221; image_src=&#8221;\/\/i.ytimg.com\/vi\/LKrW1gUdmgM\/hqdefault.jpg&#8221; _builder_version=&#8221;4.27.4&#8243; _module_preset=&#8221;default&#8221; border_radii=&#8221;on|10px|10px|10px|10px&#8221; global_colors_info=&#8221;{}&#8221;][\/et_pb_video][\/et_pb_column][et_pb_column type=&#8221;1_2&#8243; _builder_version=&#8221;4.27.4&#8243; _module_preset=&#8221;default&#8221; global_colors_info=&#8221;{}&#8221;][et_pb_heading title=&#8221;GRUPO GODED&#8221; _builder_version=&#8221;4.27.4&#8243; _module_preset=&#8221;default&#8221; title_level=&#8221;h2&#8243; title_font=&#8221;|||on|||||&#8221; title_text_color=&#8221;#aaaaaa&#8221; title_font_size=&#8221;15px&#8221; title_letter_spacing=&#8221;2px&#8221; title_line_height=&#8221;1.3em&#8221; custom_margin=&#8221;||5px||false|false&#8221; custom_padding=&#8221;5px||0px|10px|false|false&#8221; title_font_size_tablet=&#8221;15px&#8221; title_font_size_phone=&#8221;14px&#8221; title_font_size_last_edited=&#8221;on|phone&#8221; border_width_left=&#8221;2px&#8221; border_color_left=&#8221;gcid-primary-color&#8221; global_colors_info=&#8221;{%22gcid-primary-color%22:%91%22border_color_left%22,%22border_color_left%22%93}&#8221;][\/et_pb_heading][et_pb_heading title=&#8221;Les nostres c\u00e8l\u00b7lules de soldadura robotitzada en funcionament&#8221; _builder_version=&#8221;4.27.4&#8243; _module_preset=&#8221;default&#8221; title_level=&#8221;h2&#8243; title_font_size=&#8221;29px&#8221; title_line_height=&#8221;1.2em&#8221; custom_margin=&#8221;||25px|||&#8221; title_font_size_tablet=&#8221;27px&#8221; title_font_size_phone=&#8221;25px&#8221; title_font_size_last_edited=&#8221;on|phone&#8221; global_colors_info=&#8221;{}&#8221;][\/et_pb_heading][et_pb_text _builder_version=&#8221;4.27.4&#8243; _module_preset=&#8221;default&#8221; global_colors_info=&#8221;{}&#8221;]La tecnologia de soldadura robotitzada de Grupo Goded ens permet unir precisi\u00f3, rapidesa i fiabilitat en un mateix proc\u00e9s. Les nostres c\u00e8l\u00b7lules robotitzades amb doble camp de treball estan dissenyades per optimitzar la producci\u00f3 i oferir resultats homogenis en peces met\u00e0l\u00b7liques de qualsevol complexitat. <\/p>\n<p>Descobreix en aquest v\u00eddeo com treballem i com la soldadura robotitzada assegura acabats de m\u00e0xima qualitat en projectes industrials de totes les mides.[\/et_pb_text][\/et_pb_column][\/et_pb_row][\/et_pb_section][et_pb_section fb_built=&#8221;1&#8243; _builder_version=&#8221;4.27.4&#8243; _module_preset=&#8221;default&#8221; background_color=&#8221;#e5e5e5&#8243; global_colors_info=&#8221;{}&#8221;][et_pb_row column_structure=&#8221;3_4,1_4&#8243; make_equal=&#8221;on&#8221; _builder_version=&#8221;4.27.4&#8243; _module_preset=&#8221;default&#8221; custom_css_main_element=&#8221;align-items:center;&#8221; global_colors_info=&#8221;{}&#8221;][et_pb_column type=&#8221;3_4&#8243; _builder_version=&#8221;4.27.4&#8243; _module_preset=&#8221;default&#8221; global_colors_info=&#8221;{}&#8221;][et_pb_heading title=&#8221;Demana pressupost de soldadura robotitzada&#8221; _builder_version=&#8221;4.27.4&#8243; _module_preset=&#8221;default&#8221; title_level=&#8221;h2&#8243; title_font_size=&#8221;29px&#8221; title_line_height=&#8221;1.2em&#8221; custom_margin=&#8221;||8px|||&#8221; title_font_size_tablet=&#8221;27px&#8221; title_font_size_phone=&#8221;24px&#8221; title_font_size_last_edited=&#8221;on|tablet&#8221; global_colors_info=&#8221;{}&#8221;][\/et_pb_heading][et_pb_text _builder_version=&#8221;4.27.4&#8243; _module_preset=&#8221;default&#8221; text_font=&#8221;|600|||||||&#8221; text_font_size=&#8221;17px&#8221; global_colors_info=&#8221;{}&#8221;]<\/p>\n<p>Si necessiteu unions met\u00e0l\u00b7liques d&#8217;alta qualitat amb m\u00e0xima precisi\u00f3 i repetitivitat, a Grupo Goded posem a la vostra disposici\u00f3 l&#8217;\u00faltima tecnologia en soldadura robotitzada i un equip expert en optimitzaci\u00f3 de processos.<\/p>\n<p>[\/et_pb_text][\/et_pb_column][et_pb_column type=&#8221;1_4&#8243; _builder_version=&#8221;4.27.4&#8243; _module_preset=&#8221;default&#8221; global_colors_info=&#8221;{}&#8221;][et_pb_button button_url=&#8221;https:\/\/www.goded.com\/ca\/contacte&#8221; button_text=&#8221;Contactar&#8221; button_alignment=&#8221;right&#8221; button_alignment_tablet=&#8221;left&#8221; button_alignment_phone=&#8221;left&#8221; button_alignment_last_edited=&#8221;on|phone&#8221; _builder_version=&#8221;4.27.4&#8243; _module_preset=&#8221;default&#8221; custom_button=&#8221;on&#8221; button_font=&#8221;|600|||||||&#8221; button_on_hover=&#8221;off&#8221; transform_translate_linked=&#8221;off&#8221; global_colors_info=&#8221;{}&#8221; transform_styles__hover_enabled=&#8221;on|desktop&#8221; transform_scale__hover_enabled=&#8221;on|desktop&#8221; transform_translate__hover_enabled=&#8221;on|desktop&#8221; transform_rotate__hover_enabled=&#8221;on|desktop&#8221; transform_skew__hover_enabled=&#8221;on|desktop&#8221; transform_origin__hover_enabled=&#8221;on|desktop&#8221; transform_translate__hover=&#8221;5px|0px&#8221; box_shadow_color__hover_enabled=&#8221;on|hover&#8221; box_shadow_color__hover=&#8221;rgba(0,0,0,0.3)&#8221; box_shadow_horizontal__hover_enabled=&#8221;on|hover&#8221; box_shadow_horizontal__hover=&#8221;-10px&#8221; box_shadow_vertical__hover_enabled=&#8221;on|desktop&#8221; box_shadow_vertical__hover=&#8221;5px&#8221;][\/et_pb_button][\/et_pb_column][\/et_pb_row][\/et_pb_section]<\/p>\n","protected":false},"excerpt":{"rendered":"<p>A Grupo Goded comptem amb 5 c\u00e8l\u00b7lules de soldadura robotitzada equipades amb doble camp de treball i dues bancades de fins a 4 metres, la qual cosa permet optimitzar els temps de preparaci\u00f3 i soldadura. Gr\u00e0cies a aquesta tecnologia, assegurem una producci\u00f3 m\u00e9s r\u00e0pida, segura i precisa en tota mena de projectes de mecano-soldadura. El [&hellip;]<\/p>\n","protected":false},"author":1,"featured_media":1077,"parent":0,"menu_order":0,"comment_status":"closed","ping_status":"closed","template":"","meta":{"_et_pb_use_builder":"on","_et_pb_old_content":"","_et_gb_content_width":"","footnotes":""},"class_list":["post-1372","page","type-page","status-publish","has-post-thumbnail","hentry"],"yoast_head":"<!-- This site is optimized with the Yoast SEO Premium plugin v22.4 (Yoast SEO v26.3) - https:\/\/yoast.com\/wordpress\/plugins\/seo\/ -->\n<title>Soldadura robotitzada i automatitzada a Barcelona | Grupo Goded<\/title>\n<meta name=\"description\" content=\"Comptem amb 3 c\u00e8l\u00b7lules de soldadura robotitzada equipades amb doble camp de treball, per optimitzar els temps de preparaci\u00f3 i soldadura.\" \/>\n<meta name=\"robots\" content=\"index, follow, max-snippet:-1, max-image-preview:large, max-video-preview:-1\" \/>\n<link rel=\"canonical\" href=\"https:\/\/www.goded.com\/ca\/soldadura-robotitzada\/\" \/>\n<meta property=\"og:locale\" content=\"ca_ES\" \/>\n<meta property=\"og:type\" content=\"article\" \/>\n<meta property=\"og:title\" content=\"Soldadura robotitzada\" \/>\n<meta property=\"og:description\" content=\"Comptem amb 3 c\u00e8l\u00b7lules de soldadura robotitzada equipades amb doble camp de treball, per optimitzar els temps de preparaci\u00f3 i soldadura.\" \/>\n<meta property=\"og:url\" content=\"https:\/\/www.goded.com\/ca\/soldadura-robotitzada\/\" \/>\n<meta property=\"og:site_name\" content=\"Grupo Goded\" \/>\n<meta property=\"article:modified_time\" content=\"2025-11-05T15:03:12+00:00\" \/>\n<meta property=\"og:image\" content=\"https:\/\/www.goded.com\/wp-content\/uploads\/2025\/09\/servicio-soldadura-robotizada-gr.webp\" \/>\n\t<meta property=\"og:image:width\" content=\"400\" \/>\n\t<meta property=\"og:image:height\" content=\"517\" \/>\n\t<meta property=\"og:image:type\" content=\"image\/webp\" \/>\n<meta name=\"twitter:card\" content=\"summary_large_image\" \/>\n<meta name=\"twitter:label1\" content=\"Temps estimat de lectura\" \/>\n\t<meta name=\"twitter:data1\" content=\"9 minuts\" \/>\n<script type=\"application\/ld+json\" class=\"yoast-schema-graph\">{\"@context\":\"https:\/\/schema.org\",\"@graph\":[{\"@type\":\"WebPage\",\"@id\":\"https:\/\/www.goded.com\/ca\/soldadura-robotitzada\/\",\"url\":\"https:\/\/www.goded.com\/ca\/soldadura-robotitzada\/\",\"name\":\"Soldadura robotitzada i automatitzada a Barcelona | Grupo Goded\",\"isPartOf\":{\"@id\":\"https:\/\/www.goded.com\/ca\/#website\"},\"primaryImageOfPage\":{\"@id\":\"https:\/\/www.goded.com\/ca\/soldadura-robotitzada\/#primaryimage\"},\"image\":{\"@id\":\"https:\/\/www.goded.com\/ca\/soldadura-robotitzada\/#primaryimage\"},\"thumbnailUrl\":\"https:\/\/www.goded.com\/wp-content\/uploads\/2025\/09\/servicio-soldadura-robotizada-gr.webp\",\"datePublished\":\"2025-09-12T16:04:53+00:00\",\"dateModified\":\"2025-11-05T15:03:12+00:00\",\"description\":\"Comptem amb 3 c\u00e8l\u00b7lules de soldadura robotitzada equipades amb doble camp de treball, per optimitzar els temps de preparaci\u00f3 i soldadura.\",\"breadcrumb\":{\"@id\":\"https:\/\/www.goded.com\/ca\/soldadura-robotitzada\/#breadcrumb\"},\"inLanguage\":\"ca\",\"potentialAction\":[{\"@type\":\"ReadAction\",\"target\":[\"https:\/\/www.goded.com\/ca\/soldadura-robotitzada\/\"]}]},{\"@type\":\"ImageObject\",\"inLanguage\":\"ca\",\"@id\":\"https:\/\/www.goded.com\/ca\/soldadura-robotitzada\/#primaryimage\",\"url\":\"https:\/\/www.goded.com\/wp-content\/uploads\/2025\/09\/servicio-soldadura-robotizada-gr.webp\",\"contentUrl\":\"https:\/\/www.goded.com\/wp-content\/uploads\/2025\/09\/servicio-soldadura-robotizada-gr.webp\",\"width\":400,\"height\":517,\"caption\":\"Soldadura robotitzada | Servei Grupo Goded\"},{\"@type\":\"BreadcrumbList\",\"@id\":\"https:\/\/www.goded.com\/ca\/soldadura-robotitzada\/#breadcrumb\",\"itemListElement\":[{\"@type\":\"ListItem\",\"position\":1,\"name\":\"Portada\",\"item\":\"https:\/\/www.goded.com\/ca\/grupo-goded\/\"},{\"@type\":\"ListItem\",\"position\":2,\"name\":\"Soldadura robotitzada\"}]},{\"@type\":\"WebSite\",\"@id\":\"https:\/\/www.goded.com\/ca\/#website\",\"url\":\"https:\/\/www.goded.com\/ca\/\",\"name\":\"Grupo Goded\",\"description\":\"Empresa Metal\u00fargica en Barcelona\",\"potentialAction\":[{\"@type\":\"SearchAction\",\"target\":{\"@type\":\"EntryPoint\",\"urlTemplate\":\"https:\/\/www.goded.com\/ca\/?s={search_term_string}\"},\"query-input\":{\"@type\":\"PropertyValueSpecification\",\"valueRequired\":true,\"valueName\":\"search_term_string\"}}],\"inLanguage\":\"ca\"}]}<\/script>\n<!-- \/ Yoast SEO Premium plugin. -->","yoast_head_json":{"title":"Soldadura robotitzada i automatitzada a Barcelona | Grupo Goded","description":"Comptem amb 3 c\u00e8l\u00b7lules de soldadura robotitzada equipades amb doble camp de treball, per optimitzar els temps de preparaci\u00f3 i soldadura.","robots":{"index":"index","follow":"follow","max-snippet":"max-snippet:-1","max-image-preview":"max-image-preview:large","max-video-preview":"max-video-preview:-1"},"canonical":"https:\/\/www.goded.com\/ca\/soldadura-robotitzada\/","og_locale":"ca_ES","og_type":"article","og_title":"Soldadura robotitzada","og_description":"Comptem amb 3 c\u00e8l\u00b7lules de soldadura robotitzada equipades amb doble camp de treball, per optimitzar els temps de preparaci\u00f3 i soldadura.","og_url":"https:\/\/www.goded.com\/ca\/soldadura-robotitzada\/","og_site_name":"Grupo Goded","article_modified_time":"2025-11-05T15:03:12+00:00","og_image":[{"width":400,"height":517,"url":"https:\/\/www.goded.com\/wp-content\/uploads\/2025\/09\/servicio-soldadura-robotizada-gr.webp","type":"image\/webp"}],"twitter_card":"summary_large_image","twitter_misc":{"Temps estimat de lectura":"9 minuts"},"schema":{"@context":"https:\/\/schema.org","@graph":[{"@type":"WebPage","@id":"https:\/\/www.goded.com\/ca\/soldadura-robotitzada\/","url":"https:\/\/www.goded.com\/ca\/soldadura-robotitzada\/","name":"Soldadura robotitzada i automatitzada a Barcelona | Grupo Goded","isPartOf":{"@id":"https:\/\/www.goded.com\/ca\/#website"},"primaryImageOfPage":{"@id":"https:\/\/www.goded.com\/ca\/soldadura-robotitzada\/#primaryimage"},"image":{"@id":"https:\/\/www.goded.com\/ca\/soldadura-robotitzada\/#primaryimage"},"thumbnailUrl":"https:\/\/www.goded.com\/wp-content\/uploads\/2025\/09\/servicio-soldadura-robotizada-gr.webp","datePublished":"2025-09-12T16:04:53+00:00","dateModified":"2025-11-05T15:03:12+00:00","description":"Comptem amb 3 c\u00e8l\u00b7lules de soldadura robotitzada equipades amb doble camp de treball, per optimitzar els temps de preparaci\u00f3 i soldadura.","breadcrumb":{"@id":"https:\/\/www.goded.com\/ca\/soldadura-robotitzada\/#breadcrumb"},"inLanguage":"ca","potentialAction":[{"@type":"ReadAction","target":["https:\/\/www.goded.com\/ca\/soldadura-robotitzada\/"]}]},{"@type":"ImageObject","inLanguage":"ca","@id":"https:\/\/www.goded.com\/ca\/soldadura-robotitzada\/#primaryimage","url":"https:\/\/www.goded.com\/wp-content\/uploads\/2025\/09\/servicio-soldadura-robotizada-gr.webp","contentUrl":"https:\/\/www.goded.com\/wp-content\/uploads\/2025\/09\/servicio-soldadura-robotizada-gr.webp","width":400,"height":517,"caption":"Soldadura robotitzada | Servei Grupo Goded"},{"@type":"BreadcrumbList","@id":"https:\/\/www.goded.com\/ca\/soldadura-robotitzada\/#breadcrumb","itemListElement":[{"@type":"ListItem","position":1,"name":"Portada","item":"https:\/\/www.goded.com\/ca\/grupo-goded\/"},{"@type":"ListItem","position":2,"name":"Soldadura robotitzada"}]},{"@type":"WebSite","@id":"https:\/\/www.goded.com\/ca\/#website","url":"https:\/\/www.goded.com\/ca\/","name":"Grupo Goded","description":"Empresa Metal\u00fargica en Barcelona","potentialAction":[{"@type":"SearchAction","target":{"@type":"EntryPoint","urlTemplate":"https:\/\/www.goded.com\/ca\/?s={search_term_string}"},"query-input":{"@type":"PropertyValueSpecification","valueRequired":true,"valueName":"search_term_string"}}],"inLanguage":"ca"}]}},"_links":{"self":[{"href":"https:\/\/www.goded.com\/ca\/wp-json\/wp\/v2\/pages\/1372","targetHints":{"allow":["GET"]}}],"collection":[{"href":"https:\/\/www.goded.com\/ca\/wp-json\/wp\/v2\/pages"}],"about":[{"href":"https:\/\/www.goded.com\/ca\/wp-json\/wp\/v2\/types\/page"}],"author":[{"embeddable":true,"href":"https:\/\/www.goded.com\/ca\/wp-json\/wp\/v2\/users\/1"}],"replies":[{"embeddable":true,"href":"https:\/\/www.goded.com\/ca\/wp-json\/wp\/v2\/comments?post=1372"}],"version-history":[{"count":3,"href":"https:\/\/www.goded.com\/ca\/wp-json\/wp\/v2\/pages\/1372\/revisions"}],"predecessor-version":[{"id":1375,"href":"https:\/\/www.goded.com\/ca\/wp-json\/wp\/v2\/pages\/1372\/revisions\/1375"}],"wp:featuredmedia":[{"embeddable":true,"href":"https:\/\/www.goded.com\/ca\/wp-json\/wp\/v2\/media\/1077"}],"wp:attachment":[{"href":"https:\/\/www.goded.com\/ca\/wp-json\/wp\/v2\/media?parent=1372"}],"curies":[{"name":"wp","href":"https:\/\/api.w.org\/{rel}","templated":true}]}}