{"id":1167,"date":"2025-09-09T19:14:26","date_gmt":"2025-09-09T17:14:26","guid":{"rendered":"https:\/\/www.goded.com\/laser-tub-bisel\/"},"modified":"2025-11-05T10:09:48","modified_gmt":"2025-11-05T09:09:48","slug":"laser-tub-bisel","status":"publish","type":"page","link":"https:\/\/www.goded.com\/ca\/laser-tub-bisel\/","title":{"rendered":"L\u00e0ser Tub Bisel"},"content":{"rendered":"<p>[et_pb_section fb_built=&#8221;1&#8243; _builder_version=&#8221;4.27.4&#8243; _module_preset=&#8221;default&#8221; global_colors_info=&#8221;{}&#8221;][et_pb_row column_structure=&#8221;1_2,1_2&#8243; _builder_version=&#8221;4.27.4&#8243; _module_preset=&#8221;default&#8221; global_colors_info=&#8221;{}&#8221;][et_pb_column type=&#8221;1_2&#8243; _builder_version=&#8221;4.27.4&#8243; _module_preset=&#8221;default&#8221; global_colors_info=&#8221;{}&#8221;][et_pb_heading title=&#8221;Servei de tall l\u00e0ser tub i bisell de metalls&#8221; _builder_version=&#8221;4.27.4&#8243; _module_preset=&#8221;default&#8221; title_level=&#8221;h2&#8243; title_font=&#8221;|||on|||||&#8221; title_text_color=&#8221;#aaaaaa&#8221; title_font_size=&#8221;15px&#8221; title_letter_spacing=&#8221;2px&#8221; title_line_height=&#8221;1.3em&#8221; custom_margin=&#8221;||5px||false|false&#8221; custom_padding=&#8221;5px||0px|10px|false|false&#8221; title_font_size_tablet=&#8221;15px&#8221; title_font_size_phone=&#8221;14px&#8221; title_font_size_last_edited=&#8221;on|phone&#8221; border_width_left=&#8221;2px&#8221; border_color_left=&#8221;gcid-primary-color&#8221; global_colors_info=&#8221;{%22gcid-primary-color%22:%91%22border_color_left%22%93}&#8221;][\/et_pb_heading][et_pb_heading title=&#8221;Tall l\u00e0ser de tub i bisell d&#039;alta precisi\u00f3&#8221; _builder_version=&#8221;4.27.4&#8243; _module_preset=&#8221;default&#8221; title_font_size=&#8221;33px&#8221; title_line_height=&#8221;1.2em&#8221; custom_margin=&#8221;||25px|||&#8221; title_font_size_tablet=&#8221;30px&#8221; title_font_size_phone=&#8221;27px&#8221; title_font_size_last_edited=&#8221;on|desktop&#8221; global_colors_info=&#8221;{}&#8221;][\/et_pb_heading][et_pb_text _builder_version=&#8221;4.27.4&#8243; _module_preset=&#8221;default&#8221; global_colors_info=&#8221;{}&#8221;]<\/p>\n<p>A Grupo Goded oferim un avan\u00e7at servei de tall l\u00e0ser de tub i bisell, pensat per donar resposta a les necessitats m\u00e9s exigents de la ind\u00fastria. Gr\u00e0cies a la tecnologia de cap\u00e7al 3D, podem fer talls complexos, inclinats i avellanats sobre tubs i perfils met\u00e0l\u00b7lics, garantint precisi\u00f3, rapidesa i acabats impecables. <\/p>\n<p>Disposem de 5 m\u00e0quines que treballen 24 hores, maquin\u00e0ria d&#8217;\u00faltima generaci\u00f3 capa\u00e7 de treballar amb tubs rodons de fins a 225 mm de di\u00e0metre, tubs quadrats fins a 200 x 200 mm i longituds de fins a 6.500 mm, a m\u00e9s de perfils estructurals com UPN i IPN. Aquesta versatilitat ens permet adaptar-nos a projectes de sectors com la construcci\u00f3, automoci\u00f3, energies renovables o mobiliari met\u00e0l\u00b7lic, oferint solucions eficients i competitives. <\/p>\n<p>[\/et_pb_text][et_pb_button button_url=&#8221;mailto:aguatubo@goded.com&#8221; button_text=&#8221;Sol\u00b7licitar pressupost&#8221; button_alignment=&#8221;left&#8221; button_alignment_tablet=&#8221;left&#8221; button_alignment_phone=&#8221;left&#8221; button_alignment_last_edited=&#8221;on|tablet&#8221; disabled_on=&#8221;on|on|off&#8221; _builder_version=&#8221;4.27.4&#8243; _module_preset=&#8221;default&#8221; custom_button=&#8221;on&#8221; button_font=&#8221;|600|||||||&#8221; button_on_hover=&#8221;off&#8221; transform_translate_linked=&#8221;off&#8221; global_colors_info=&#8221;{}&#8221; transform_styles__hover_enabled=&#8221;on|desktop&#8221; transform_scale__hover_enabled=&#8221;on|desktop&#8221; transform_translate__hover_enabled=&#8221;on|desktop&#8221; transform_rotate__hover_enabled=&#8221;on|desktop&#8221; transform_skew__hover_enabled=&#8221;on|desktop&#8221; transform_origin__hover_enabled=&#8221;on|desktop&#8221; transform_translate__hover=&#8221;5px|0px&#8221; box_shadow_color__hover_enabled=&#8221;on|hover&#8221; box_shadow_color__hover=&#8221;rgba(0,0,0,0.3)&#8221; box_shadow_horizontal__hover_enabled=&#8221;on|hover&#8221; box_shadow_horizontal__hover=&#8221;-10px&#8221; box_shadow_vertical__hover_enabled=&#8221;on|desktop&#8221; box_shadow_vertical__hover=&#8221;5px&#8221;][\/et_pb_button][\/et_pb_column][et_pb_column type=&#8221;1_2&#8243; _builder_version=&#8221;4.27.4&#8243; _module_preset=&#8221;default&#8221; global_colors_info=&#8221;{}&#8221;][et_pb_gallery gallery_ids=&#8221;1161,1162,1163,1164,1165,1166&#8243; fullwidth=&#8221;on&#8221; _builder_version=&#8221;4.27.4&#8243; _module_preset=&#8221;default&#8221; background_layout=&#8221;dark&#8221; auto=&#8221;on&#8221; hover_enabled=&#8221;0&#8243; border_radii=&#8221;on|10px|10px|10px|10px&#8221; global_colors_info=&#8221;{}&#8221; sticky_enabled=&#8221;0&#8243;][\/et_pb_gallery][et_pb_image src=&#8221;https:\/\/www.goded.com\/wp-content\/uploads\/2025\/09\/ISO-oxicorte.jpg&#8221; align=&#8221;right&#8221; _builder_version=&#8221;4.27.4&#8243; _module_preset=&#8221;default&#8221; positioning=&#8221;absolute&#8221; position_origin_a=&#8221;top_right&#8221; vertical_offset=&#8221;10px&#8221; horizontal_offset=&#8221;10px&#8221; z_index=&#8221;1&#8243; width=&#8221;100%&#8221; width_tablet=&#8221;100%&#8221; width_phone=&#8221;15%&#8221; width_last_edited=&#8221;on|phone&#8221; border_radii=&#8221;on|10px|10px|10px|10px&#8221; global_colors_info=&#8221;{}&#8221;][\/et_pb_image][et_pb_button button_url=&#8221;mailto:aguatubo@goded.com&#8221; button_text=&#8221;Sol\u00b7licitar pressupost&#8221; button_alignment=&#8221;left&#8221; button_alignment_tablet=&#8221;left&#8221; button_alignment_phone=&#8221;left&#8221; button_alignment_last_edited=&#8221;on|tablet&#8221; disabled_on=&#8221;off|off|on&#8221; _builder_version=&#8221;4.27.4&#8243; _module_preset=&#8221;default&#8221; custom_button=&#8221;on&#8221; button_font=&#8221;|600|||||||&#8221; button_on_hover=&#8221;off&#8221; transform_translate_linked=&#8221;off&#8221; global_colors_info=&#8221;{}&#8221; transform_styles__hover_enabled=&#8221;on|desktop&#8221; transform_scale__hover_enabled=&#8221;on|desktop&#8221; transform_translate__hover_enabled=&#8221;on|desktop&#8221; transform_rotate__hover_enabled=&#8221;on|desktop&#8221; transform_skew__hover_enabled=&#8221;on|desktop&#8221; transform_origin__hover_enabled=&#8221;on|desktop&#8221; transform_translate__hover=&#8221;5px|0px&#8221; box_shadow_color__hover_enabled=&#8221;on|hover&#8221; box_shadow_color__hover=&#8221;rgba(0,0,0,0.3)&#8221; box_shadow_horizontal__hover_enabled=&#8221;on|hover&#8221; box_shadow_horizontal__hover=&#8221;-10px&#8221; box_shadow_vertical__hover_enabled=&#8221;on|desktop&#8221; box_shadow_vertical__hover=&#8221;5px&#8221;][\/et_pb_button][\/et_pb_column][\/et_pb_row][\/et_pb_section][et_pb_section fb_built=&#8221;1&#8243; disabled_on=&#8221;on|on|on&#8221; _builder_version=&#8221;4.27.4&#8243; _module_preset=&#8221;default&#8221; background_color=&#8221;#f7f7f7&#8243; disabled=&#8221;on&#8221; global_colors_info=&#8221;{}&#8221;][et_pb_row column_structure=&#8221;1_2,1_2&#8243; module_class=&#8221;ov-fancy-hover&#8221; _builder_version=&#8221;4.27.4&#8243; _module_preset=&#8221;default&#8221; global_colors_info=&#8221;{}&#8221;][et_pb_column type=&#8221;1_2&#8243; _builder_version=&#8221;4.27.4&#8243; _module_preset=&#8221;default&#8221; global_colors_info=&#8221;{}&#8221;][et_pb_heading title=&#8221;Precisi\u00f3 tridimensional per a talls complexos&#8221; _builder_version=&#8221;4.27.4&#8243; _module_preset=&#8221;default&#8221; title_level=&#8221;h2&#8243; title_font=&#8221;|||on|||||&#8221; title_text_color=&#8221;#aaaaaa&#8221; title_font_size=&#8221;15px&#8221; title_letter_spacing=&#8221;2px&#8221; title_line_height=&#8221;1.3em&#8221; custom_margin=&#8221;||5px||false|false&#8221; custom_padding=&#8221;5px||0px|10px|false|false&#8221; title_font_size_tablet=&#8221;15px&#8221; title_font_size_phone=&#8221;14px&#8221; title_font_size_last_edited=&#8221;on|phone&#8221; border_width_left=&#8221;2px&#8221; border_color_left=&#8221;gcid-primary-color&#8221; global_colors_info=&#8221;{%22gcid-primary-color%22:%91%22border_color_left%22%93}&#8221;][\/et_pb_heading][et_pb_heading title=&#8221;Qu\u00e8 \u00e9s el tall per l\u00e0ser tub bisell i els seus avantatges&#8221; _builder_version=&#8221;4.27.4&#8243; _module_preset=&#8221;default&#8221; title_level=&#8221;h2&#8243; title_font_size=&#8221;29px&#8221; title_line_height=&#8221;1.2em&#8221; custom_margin=&#8221;||25px|||&#8221; title_font_size_tablet=&#8221;27px&#8221; title_font_size_phone=&#8221;25px&#8221; title_font_size_last_edited=&#8221;on|phone&#8221; global_colors_info=&#8221;{}&#8221;][\/et_pb_heading][et_pb_text _builder_version=&#8221;4.27.4&#8243; _module_preset=&#8221;default&#8221; global_colors_info=&#8221;{}&#8221;]El tall l\u00e0ser de tub bisell consisteix en la utilitzaci\u00f3 d&#8217;un l\u00e0ser amb cap\u00e7al 3D que permet tallar tubs met\u00e0l\u00b7lics en diferents angles, bisells i formes, ampliant enormement les possibilitats de disseny i assemblatge. A difer\u00e8ncia d&#8217;altres m\u00e8todes tradicionals, aquesta tecnologia elimina la necessitat de processos manuals posteriors, tot reduint temps i costos de producci\u00f3. <\/p>\n<p>Gr\u00e0cies a la seva rapidesa, exactitud i capacitat de treballar amb m\u00faltiples geometries, el l\u00e0ser tub bisell s&#8217;ha convertit en una soluci\u00f3 clau per a empreses que requereixen estructures robustes, unions precises i acabats d&#8217;alta qualitat als seus projectes.[\/et_pb_text][\/et_pb_column][et_pb_column type=&#8221;1_2&#8243; _builder_version=&#8221;4.27.4&#8243; _module_preset=&#8221;default&#8221; global_colors_info=&#8221;{}&#8221;][et_pb_blurb title=&#8221;Talls en 3D&#8221; use_icon=&#8221;on&#8221; font_icon=&#8221;&#xe052;||divi||400&#8243; icon_placement=&#8221;left&#8221; image_icon_width=&#8221;25px&#8221; content_max_width=&#8221;1100px&#8221; _builder_version=&#8221;4.27.4&#8243; _module_preset=&#8221;default&#8221; custom_margin=&#8221;||20px||false|false&#8221; locked=&#8221;off&#8221; global_colors_info=&#8221;{}&#8221;]<\/p>\n<p>Precisi\u00f3 en angles, bisells i avellanats.<\/p>\n<p>[\/et_pb_blurb][et_pb_blurb title=&#8221;Versatilitat&#8221; use_icon=&#8221;on&#8221; font_icon=&#8221;&#xe052;||divi||400&#8243; icon_placement=&#8221;left&#8221; image_icon_width=&#8221;25px&#8221; content_max_width=&#8221;1100px&#8221; _builder_version=&#8221;4.27.4&#8243; _module_preset=&#8221;default&#8221; custom_margin=&#8221;||20px||false|false&#8221; locked=&#8221;off&#8221; global_colors_info=&#8221;{}&#8221;]<\/p>\n<p>Tubs rodons, quadrats, rectangulars i perfils estructurals.<\/p>\n<p>[\/et_pb_blurb][et_pb_blurb title=&#8221;Rapidesa i efici\u00e8ncia&#8221; use_icon=&#8221;on&#8221; font_icon=&#8221;&#xe052;||divi||400&#8243; icon_placement=&#8221;left&#8221; image_icon_width=&#8221;25px&#8221; content_max_width=&#8221;1100px&#8221; _builder_version=&#8221;4.27.4&#8243; _module_preset=&#8221;default&#8221; custom_margin=&#8221;||20px||false|false&#8221; locked=&#8221;off&#8221; global_colors_info=&#8221;{}&#8221;]<\/p>\n<p>Reducci\u00f3 de temps i costos davant de m\u00e8todes tradicionals.<\/p>\n<p>[\/et_pb_blurb][et_pb_blurb title=&#8221;Alta precisi\u00f3&#8221; use_icon=&#8221;on&#8221; font_icon=&#8221;&#xe052;||divi||400&#8243; icon_placement=&#8221;left&#8221; image_icon_width=&#8221;25px&#8221; content_max_width=&#8221;1100px&#8221; _builder_version=&#8221;4.27.4&#8243; _module_preset=&#8221;default&#8221; custom_margin=&#8221;||20px||false|false&#8221; locked=&#8221;off&#8221; global_colors_info=&#8221;{}&#8221;]<\/p>\n<p>Unions exactes llestes per a soldadura o muntatge.<\/p>\n<p>[\/et_pb_blurb][et_pb_blurb title=&#8221;Acabats professionals&#8221; use_icon=&#8221;on&#8221; font_icon=&#8221;&#xe052;||divi||400&#8243; icon_placement=&#8221;left&#8221; image_icon_width=&#8221;25px&#8221; content_max_width=&#8221;1100px&#8221; _builder_version=&#8221;4.27.4&#8243; _module_preset=&#8221;default&#8221; custom_margin=&#8221;||20px||false|false&#8221; locked=&#8221;off&#8221; global_colors_info=&#8221;{}&#8221;]<\/p>\n<p>Vores netes sense necessitat de processos addicionals.<\/p>\n<p>[\/et_pb_blurb][\/et_pb_column][\/et_pb_row][\/et_pb_section][et_pb_section fb_built=&#8221;1&#8243; _builder_version=&#8221;4.27.4&#8243; _module_preset=&#8221;default&#8221; global_colors_info=&#8221;{}&#8221;][et_pb_row column_structure=&#8221;1_2,1_2&#8243; _builder_version=&#8221;4.27.4&#8243; _module_preset=&#8221;default&#8221; custom_css_main_element=&#8221;align-items:center;&#8221; global_colors_info=&#8221;{}&#8221;][et_pb_column type=&#8221;1_2&#8243; _builder_version=&#8221;4.27.4&#8243; _module_preset=&#8221;default&#8221; global_colors_info=&#8221;{}&#8221;][et_pb_video src=&#8221;https:\/\/youtu.be\/CxTXYACNYpQ?si=CQaoJeKeqzEHmoso&#8221; image_src=&#8221;\/\/i.ytimg.com\/vi\/CxTXYACNYpQ\/hqdefault.jpg&#8221; _builder_version=&#8221;4.27.4&#8243; _module_preset=&#8221;default&#8221; border_radii=&#8221;on|10px|10px|10px|10px&#8221; global_colors_info=&#8221;{}&#8221;][\/et_pb_video][\/et_pb_column][et_pb_column type=&#8221;1_2&#8243; _builder_version=&#8221;4.27.4&#8243; _module_preset=&#8221;default&#8221; global_colors_info=&#8221;{}&#8221;][et_pb_heading title=&#8221;GRUPO GODED&#8221; _builder_version=&#8221;4.27.4&#8243; _module_preset=&#8221;default&#8221; title_level=&#8221;h2&#8243; title_font=&#8221;|||on|||||&#8221; title_text_color=&#8221;#aaaaaa&#8221; title_font_size=&#8221;15px&#8221; title_letter_spacing=&#8221;2px&#8221; title_line_height=&#8221;1.3em&#8221; custom_margin=&#8221;||5px||false|false&#8221; custom_padding=&#8221;5px||0px|10px|false|false&#8221; title_font_size_tablet=&#8221;15px&#8221; title_font_size_phone=&#8221;14px&#8221; title_font_size_last_edited=&#8221;on|phone&#8221; border_width_left=&#8221;2px&#8221; border_color_left=&#8221;gcid-primary-color&#8221; global_colors_info=&#8221;{%22gcid-primary-color%22:%91%22border_color_left%22,%22border_color_left%22%93}&#8221;][\/et_pb_heading][et_pb_heading title=&#8221;Maquin\u00e0ria de tall l\u00e0ser tub bisell en funcionament&#8221; _builder_version=&#8221;4.27.4&#8243; _module_preset=&#8221;default&#8221; title_level=&#8221;h2&#8243; title_font_size=&#8221;29px&#8221; title_line_height=&#8221;1.2em&#8221; custom_margin=&#8221;||25px|||&#8221; title_font_size_tablet=&#8221;27px&#8221; title_font_size_phone=&#8221;25px&#8221; title_font_size_last_edited=&#8221;on|phone&#8221; global_colors_info=&#8221;{}&#8221;][\/et_pb_heading][et_pb_text _builder_version=&#8221;4.27.4&#8243; _module_preset=&#8221;default&#8221; global_colors_info=&#8221;{}&#8221;]<\/p>\n<p>A Grupo Goded treballem amb una de les m\u00e0quines m\u00e9s avan\u00e7ades del mercat, la m\u00e0quina Laser Tubo d&#8217;Adige LT-8, capa\u00e7 de realitzar talls tridimensionals en tubs i perfils met\u00e0l\u00b7lics amb total precisi\u00f3. Descobreix en aquest v\u00eddeo com la tecnologia de l\u00e0ser tub bisell transforma la producci\u00f3 industrial, aportant rapidesa, qualitat i fiabilitat a cada projecte. <\/p>\n<p>[\/et_pb_text][\/et_pb_column][\/et_pb_row][\/et_pb_section][et_pb_section fb_built=&#8221;1&#8243; _builder_version=&#8221;4.27.4&#8243; _module_preset=&#8221;default&#8221; background_color=&#8221;#e5e5e5&#8243; global_colors_info=&#8221;{}&#8221;][et_pb_row column_structure=&#8221;3_4,1_4&#8243; make_equal=&#8221;on&#8221; _builder_version=&#8221;4.27.4&#8243; _module_preset=&#8221;default&#8221; custom_css_main_element=&#8221;align-items:center;&#8221; global_colors_info=&#8221;{}&#8221;][et_pb_column type=&#8221;3_4&#8243; _builder_version=&#8221;4.27.4&#8243; _module_preset=&#8221;default&#8221; global_colors_info=&#8221;{}&#8221;][et_pb_heading title=&#8221;Demana pressupost de tall l\u00e0ser tub bisell&#8221; _builder_version=&#8221;4.27.4&#8243; _module_preset=&#8221;default&#8221; title_level=&#8221;h2&#8243; title_font_size=&#8221;29px&#8221; title_line_height=&#8221;1.2em&#8221; custom_margin=&#8221;||8px|||&#8221; title_font_size_tablet=&#8221;27px&#8221; title_font_size_phone=&#8221;24px&#8221; title_font_size_last_edited=&#8221;on|tablet&#8221; global_colors_info=&#8221;{}&#8221;][\/et_pb_heading][et_pb_text _builder_version=&#8221;4.27.4&#8243; _module_preset=&#8221;default&#8221; text_font=&#8221;|600|||||||&#8221; text_font_size=&#8221;17px&#8221; global_colors_info=&#8221;{}&#8221;]<\/p>\n<p>Si necessites talls de tub amb bisellat i precisi\u00f3 tridimensional o altre tipus de <strong><a href=\"https:\/\/www.goded.com\/ca\/serveis-grupo-goded\">serveis<\/a><\/strong>, contacta amb nosaltres. A Grupo Goded posem a la teva disposici\u00f3 la tecnologia m\u00e9s avan\u00e7ada i un equip t\u00e8cnic expert que garanteix resultats impecables. <\/p>\n<p>[\/et_pb_text][\/et_pb_column][et_pb_column type=&#8221;1_4&#8243; _builder_version=&#8221;4.27.4&#8243; _module_preset=&#8221;default&#8221; global_colors_info=&#8221;{}&#8221;][et_pb_button button_url=&#8221;https:\/\/www.goded.com\/ca\/contacte&#8221; button_text=&#8221;Contactar&#8221; button_alignment=&#8221;right&#8221; button_alignment_tablet=&#8221;left&#8221; button_alignment_phone=&#8221;left&#8221; button_alignment_last_edited=&#8221;on|phone&#8221; _builder_version=&#8221;4.27.4&#8243; _module_preset=&#8221;default&#8221; custom_button=&#8221;on&#8221; button_font=&#8221;|600|||||||&#8221; button_on_hover=&#8221;off&#8221; transform_translate_linked=&#8221;off&#8221; global_colors_info=&#8221;{}&#8221; transform_styles__hover_enabled=&#8221;on|desktop&#8221; transform_scale__hover_enabled=&#8221;on|desktop&#8221; transform_translate__hover_enabled=&#8221;on|desktop&#8221; transform_rotate__hover_enabled=&#8221;on|desktop&#8221; transform_skew__hover_enabled=&#8221;on|desktop&#8221; transform_origin__hover_enabled=&#8221;on|desktop&#8221; transform_translate__hover=&#8221;5px|0px&#8221; box_shadow_color__hover_enabled=&#8221;on|hover&#8221; box_shadow_color__hover=&#8221;rgba(0,0,0,0.3)&#8221; box_shadow_horizontal__hover_enabled=&#8221;on|hover&#8221; box_shadow_horizontal__hover=&#8221;-10px&#8221; box_shadow_vertical__hover_enabled=&#8221;on|desktop&#8221; box_shadow_vertical__hover=&#8221;5px&#8221;][\/et_pb_button][\/et_pb_column][\/et_pb_row][\/et_pb_section]<\/p>\n","protected":false},"excerpt":{"rendered":"<p>A Grupo Goded oferim un avan\u00e7at servei de tall l\u00e0ser de tub i bisell, pensat per donar resposta a les necessitats m\u00e9s exigents de la ind\u00fastria. Gr\u00e0cies a la tecnologia de cap\u00e7al 3D, podem fer talls complexos, inclinats i avellanats sobre tubs i perfils met\u00e0l\u00b7lics, garantint precisi\u00f3, rapidesa i acabats impecables. Disposem de 5 m\u00e0quines [&hellip;]<\/p>\n","protected":false},"author":1,"featured_media":1074,"parent":0,"menu_order":0,"comment_status":"closed","ping_status":"closed","template":"","meta":{"_et_pb_use_builder":"on","_et_pb_old_content":"","_et_gb_content_width":"","footnotes":""},"class_list":["post-1167","page","type-page","status-publish","has-post-thumbnail","hentry"],"yoast_head":"<!-- This site is optimized with the Yoast SEO Premium plugin v22.4 (Yoast SEO v26.3) - https:\/\/yoast.com\/wordpress\/plugins\/seo\/ -->\n<title>Tall l\u00e0ser de tub i bisell | Tall de tubs met\u00e0l\u00b7lics | Goded<\/title>\n<meta name=\"description\" content=\"Oferim un avan\u00e7at servei de tall l\u00e0ser de tub i bisell, pensat per donar resposta a les necessitats m\u00e9s exigents de la ind\u00fastria.\" \/>\n<meta name=\"robots\" content=\"index, follow, max-snippet:-1, max-image-preview:large, max-video-preview:-1\" \/>\n<link rel=\"canonical\" href=\"https:\/\/www.goded.com\/ca\/laser-tub-bisel\/\" \/>\n<meta property=\"og:locale\" content=\"ca_ES\" \/>\n<meta property=\"og:type\" content=\"article\" \/>\n<meta property=\"og:title\" content=\"L\u00e0ser Tub Bisel\" \/>\n<meta property=\"og:description\" content=\"Oferim un avan\u00e7at servei de tall l\u00e0ser de tub i bisell, pensat per donar resposta a les necessitats m\u00e9s exigents de la ind\u00fastria.\" \/>\n<meta property=\"og:url\" content=\"https:\/\/www.goded.com\/ca\/laser-tub-bisel\/\" \/>\n<meta property=\"og:site_name\" content=\"Grupo Goded\" \/>\n<meta property=\"article:modified_time\" content=\"2025-11-05T09:09:48+00:00\" \/>\n<meta property=\"og:image\" content=\"https:\/\/www.goded.com\/wp-content\/uploads\/2025\/09\/servicio-laser-tubo-grupo-goded.webp\" \/>\n\t<meta property=\"og:image:width\" content=\"400\" \/>\n\t<meta property=\"og:image:height\" content=\"517\" \/>\n\t<meta property=\"og:image:type\" content=\"image\/webp\" \/>\n<meta name=\"twitter:card\" content=\"summary_large_image\" \/>\n<meta name=\"twitter:label1\" content=\"Temps estimat de lectura\" \/>\n\t<meta name=\"twitter:data1\" content=\"10 minuts\" \/>\n<script type=\"application\/ld+json\" class=\"yoast-schema-graph\">{\"@context\":\"https:\/\/schema.org\",\"@graph\":[{\"@type\":\"WebPage\",\"@id\":\"https:\/\/www.goded.com\/ca\/laser-tub-bisel\/\",\"url\":\"https:\/\/www.goded.com\/ca\/laser-tub-bisel\/\",\"name\":\"Tall l\u00e0ser de tub i bisell | Tall de tubs met\u00e0l\u00b7lics | Goded\",\"isPartOf\":{\"@id\":\"https:\/\/www.goded.com\/ca\/#website\"},\"primaryImageOfPage\":{\"@id\":\"https:\/\/www.goded.com\/ca\/laser-tub-bisel\/#primaryimage\"},\"image\":{\"@id\":\"https:\/\/www.goded.com\/ca\/laser-tub-bisel\/#primaryimage\"},\"thumbnailUrl\":\"https:\/\/www.goded.com\/wp-content\/uploads\/2025\/09\/servicio-laser-tubo-grupo-goded.webp\",\"datePublished\":\"2025-09-09T17:14:26+00:00\",\"dateModified\":\"2025-11-05T09:09:48+00:00\",\"description\":\"Oferim un avan\u00e7at servei de tall l\u00e0ser de tub i bisell, pensat per donar resposta a les necessitats m\u00e9s exigents de la ind\u00fastria.\",\"breadcrumb\":{\"@id\":\"https:\/\/www.goded.com\/ca\/laser-tub-bisel\/#breadcrumb\"},\"inLanguage\":\"ca\",\"potentialAction\":[{\"@type\":\"ReadAction\",\"target\":[\"https:\/\/www.goded.com\/ca\/laser-tub-bisel\/\"]}]},{\"@type\":\"ImageObject\",\"inLanguage\":\"ca\",\"@id\":\"https:\/\/www.goded.com\/ca\/laser-tub-bisel\/#primaryimage\",\"url\":\"https:\/\/www.goded.com\/wp-content\/uploads\/2025\/09\/servicio-laser-tubo-grupo-goded.webp\",\"contentUrl\":\"https:\/\/www.goded.com\/wp-content\/uploads\/2025\/09\/servicio-laser-tubo-grupo-goded.webp\",\"width\":400,\"height\":517,\"caption\":\"L\u00e0ser tub bisell | Servei Grupo Goded\"},{\"@type\":\"BreadcrumbList\",\"@id\":\"https:\/\/www.goded.com\/ca\/laser-tub-bisel\/#breadcrumb\",\"itemListElement\":[{\"@type\":\"ListItem\",\"position\":1,\"name\":\"Portada\",\"item\":\"https:\/\/www.goded.com\/ca\/grupo-goded\/\"},{\"@type\":\"ListItem\",\"position\":2,\"name\":\"L\u00e0ser Tub Bisel\"}]},{\"@type\":\"WebSite\",\"@id\":\"https:\/\/www.goded.com\/ca\/#website\",\"url\":\"https:\/\/www.goded.com\/ca\/\",\"name\":\"Grupo Goded\",\"description\":\"Empresa Metal\u00fargica en Barcelona\",\"potentialAction\":[{\"@type\":\"SearchAction\",\"target\":{\"@type\":\"EntryPoint\",\"urlTemplate\":\"https:\/\/www.goded.com\/ca\/?s={search_term_string}\"},\"query-input\":{\"@type\":\"PropertyValueSpecification\",\"valueRequired\":true,\"valueName\":\"search_term_string\"}}],\"inLanguage\":\"ca\"}]}<\/script>\n<!-- \/ Yoast SEO Premium plugin. -->","yoast_head_json":{"title":"Tall l\u00e0ser de tub i bisell | Tall de tubs met\u00e0l\u00b7lics | Goded","description":"Oferim un avan\u00e7at servei de tall l\u00e0ser de tub i bisell, pensat per donar resposta a les necessitats m\u00e9s exigents de la ind\u00fastria.","robots":{"index":"index","follow":"follow","max-snippet":"max-snippet:-1","max-image-preview":"max-image-preview:large","max-video-preview":"max-video-preview:-1"},"canonical":"https:\/\/www.goded.com\/ca\/laser-tub-bisel\/","og_locale":"ca_ES","og_type":"article","og_title":"L\u00e0ser Tub Bisel","og_description":"Oferim un avan\u00e7at servei de tall l\u00e0ser de tub i bisell, pensat per donar resposta a les necessitats m\u00e9s exigents de la ind\u00fastria.","og_url":"https:\/\/www.goded.com\/ca\/laser-tub-bisel\/","og_site_name":"Grupo Goded","article_modified_time":"2025-11-05T09:09:48+00:00","og_image":[{"width":400,"height":517,"url":"https:\/\/www.goded.com\/wp-content\/uploads\/2025\/09\/servicio-laser-tubo-grupo-goded.webp","type":"image\/webp"}],"twitter_card":"summary_large_image","twitter_misc":{"Temps estimat de lectura":"10 minuts"},"schema":{"@context":"https:\/\/schema.org","@graph":[{"@type":"WebPage","@id":"https:\/\/www.goded.com\/ca\/laser-tub-bisel\/","url":"https:\/\/www.goded.com\/ca\/laser-tub-bisel\/","name":"Tall l\u00e0ser de tub i bisell | Tall de tubs met\u00e0l\u00b7lics | Goded","isPartOf":{"@id":"https:\/\/www.goded.com\/ca\/#website"},"primaryImageOfPage":{"@id":"https:\/\/www.goded.com\/ca\/laser-tub-bisel\/#primaryimage"},"image":{"@id":"https:\/\/www.goded.com\/ca\/laser-tub-bisel\/#primaryimage"},"thumbnailUrl":"https:\/\/www.goded.com\/wp-content\/uploads\/2025\/09\/servicio-laser-tubo-grupo-goded.webp","datePublished":"2025-09-09T17:14:26+00:00","dateModified":"2025-11-05T09:09:48+00:00","description":"Oferim un avan\u00e7at servei de tall l\u00e0ser de tub i bisell, pensat per donar resposta a les necessitats m\u00e9s exigents de la ind\u00fastria.","breadcrumb":{"@id":"https:\/\/www.goded.com\/ca\/laser-tub-bisel\/#breadcrumb"},"inLanguage":"ca","potentialAction":[{"@type":"ReadAction","target":["https:\/\/www.goded.com\/ca\/laser-tub-bisel\/"]}]},{"@type":"ImageObject","inLanguage":"ca","@id":"https:\/\/www.goded.com\/ca\/laser-tub-bisel\/#primaryimage","url":"https:\/\/www.goded.com\/wp-content\/uploads\/2025\/09\/servicio-laser-tubo-grupo-goded.webp","contentUrl":"https:\/\/www.goded.com\/wp-content\/uploads\/2025\/09\/servicio-laser-tubo-grupo-goded.webp","width":400,"height":517,"caption":"L\u00e0ser tub bisell | Servei Grupo Goded"},{"@type":"BreadcrumbList","@id":"https:\/\/www.goded.com\/ca\/laser-tub-bisel\/#breadcrumb","itemListElement":[{"@type":"ListItem","position":1,"name":"Portada","item":"https:\/\/www.goded.com\/ca\/grupo-goded\/"},{"@type":"ListItem","position":2,"name":"L\u00e0ser Tub Bisel"}]},{"@type":"WebSite","@id":"https:\/\/www.goded.com\/ca\/#website","url":"https:\/\/www.goded.com\/ca\/","name":"Grupo Goded","description":"Empresa Metal\u00fargica en Barcelona","potentialAction":[{"@type":"SearchAction","target":{"@type":"EntryPoint","urlTemplate":"https:\/\/www.goded.com\/ca\/?s={search_term_string}"},"query-input":{"@type":"PropertyValueSpecification","valueRequired":true,"valueName":"search_term_string"}}],"inLanguage":"ca"}]}},"_links":{"self":[{"href":"https:\/\/www.goded.com\/ca\/wp-json\/wp\/v2\/pages\/1167","targetHints":{"allow":["GET"]}}],"collection":[{"href":"https:\/\/www.goded.com\/ca\/wp-json\/wp\/v2\/pages"}],"about":[{"href":"https:\/\/www.goded.com\/ca\/wp-json\/wp\/v2\/types\/page"}],"author":[{"embeddable":true,"href":"https:\/\/www.goded.com\/ca\/wp-json\/wp\/v2\/users\/1"}],"replies":[{"embeddable":true,"href":"https:\/\/www.goded.com\/ca\/wp-json\/wp\/v2\/comments?post=1167"}],"version-history":[{"count":3,"href":"https:\/\/www.goded.com\/ca\/wp-json\/wp\/v2\/pages\/1167\/revisions"}],"predecessor-version":[{"id":1172,"href":"https:\/\/www.goded.com\/ca\/wp-json\/wp\/v2\/pages\/1167\/revisions\/1172"}],"wp:featuredmedia":[{"embeddable":true,"href":"https:\/\/www.goded.com\/ca\/wp-json\/wp\/v2\/media\/1074"}],"wp:attachment":[{"href":"https:\/\/www.goded.com\/ca\/wp-json\/wp\/v2\/media?parent=1167"}],"curies":[{"name":"wp","href":"https:\/\/api.w.org\/{rel}","templated":true}]}}